{"id":5048,"date":"2021-04-08T12:41:16","date_gmt":"2021-04-08T10:41:16","guid":{"rendered":"https:\/\/hydrohuisman.nl\/?page_id=5048"},"modified":"2021-04-08T12:54:40","modified_gmt":"2021-04-08T10:54:40","slug":"complete-planters","status":"publish","type":"page","link":"https:\/\/hydrohuisman.nl\/de\/preisgestaltung\/complete-planters\/","title":{"rendered":"Komplette Pflanzgef\u00e4\u00dfe &#8211; Preise"},"content":{"rendered":"<div class=\"wpb-content-wrapper\"><p>[vc_row][vc_column][vc_column_text]<\/p>\n<h4 style=\"text-align: center;\">Hier finden Sie eine \u00dcbersicht der kompletten Pflanzgef\u00e4\u00dfe f\u00fcr jeden Innenraum<br \/>\nDiese Produkte sind auf Lager und \/ oder sofort verf\u00fcgbar. Kontaktieren Sie uns und wir helfen Ihnen gerne weiter.<\/h4>\n<p>[\/vc_column_text][\/vc_column][\/vc_row][vc_row][vc_column width=&#8221;1\/4&#8243;][vc_single_image image=&#8221;3125&#8243; img_size=&#8221;300&#215;350&#8243; onclick=&#8221;custom_link&#8221; link=&#8221;http:\/\/hydrohuisman.nl\/lechuza-impression\/?lang=en&#8221;][vc_single_image image=&#8221;3128&#8243; img_size=&#8221;medium&#8221; alignment=&#8221;center&#8221;][\/vc_column][vc_column width=&#8221;1\/4&#8243;][vc_single_image image=&#8221;1805&#8243; img_size=&#8221;300&#215;350&#8243; onclick=&#8221;custom_link&#8221; link=&#8221;http:\/\/hydrohuisman.nl\/plantinum-hh-colourful-brochure\/?lang=en&#8221;][vc_single_image image=&#8221;3131&#8243; img_size=&#8221;medium&#8221; alignment=&#8221;center&#8221; onclick=&#8221;custom_link&#8221; link=&#8221;#&#8221;][\/vc_column][vc_column width=&#8221;1\/4&#8243;][vc_single_image image=&#8221;3130&#8243; img_size=&#8221;300&#215;350&#8243; onclick=&#8221;custom_link&#8221; link=&#8221;http:\/\/hydrohuisman.nl\/plantinum-hh-natural-brochure\/?lang=en&#8221;][vc_single_image image=&#8221;3134&#8243; img_size=&#8221;medium&#8221; alignment=&#8221;center&#8221;][\/vc_column][vc_column width=&#8221;1\/4&#8243;][vc_single_image image=&#8221;3240&#8243; img_size=&#8221;300&#215;350&#8243; onclick=&#8221;custom_link&#8221; link=&#8221;\/complete-plantenbakken-prijzen\/?lang=en&#8221;][vc_column_text]<\/p>\n<h4>Preisaufbau kompletter Container<\/h4>\n<p>[\/vc_column_text][\/vc_column][\/vc_row]<\/p>\n<\/div>","protected":false},"excerpt":{"rendered":"<p>[vc_row][vc_column][vc_column_text] Hier finden Sie eine \u00dcbersicht der kompletten Pflanzgef\u00e4\u00dfe f\u00fcr jeden Innenraum Diese Produkte sind auf Lager und \/ oder sofort verf\u00fcgbar. Kontaktieren Sie uns und wir helfen Ihnen gerne weiter. [\/vc_column_text][\/vc_column][\/vc_row][vc_row][vc_column width=&#8221;1\/4&#8243;][vc_single_image image=&#8221;3125&#8243; img_size=&#8221;300&#215;350&#8243; onclick=&#8221;custom_link&#8221; link=&#8221;http:\/\/hydrohuisman.nl\/lechuza-impression\/?lang=en&#8221;][vc_single_image image=&#8221;3128&#8243; img_size=&#8221;medium&#8221; alignment=&#8221;center&#8221;][\/vc_column][vc_column width=&#8221;1\/4&#8243;][vc_single_image image=&#8221;1805&#8243; img_size=&#8221;300&#215;350&#8243; onclick=&#8221;custom_link&#8221; link=&#8221;http:\/\/hydrohuisman.nl\/plantinum-hh-colourful-brochure\/?lang=en&#8221;][vc_single_image image=&#8221;3131&#8243; img_size=&#8221;medium&#8221; alignment=&#8221;center&#8221; onclick=&#8221;custom_link&#8221; link=&#8221;#&#8221;][\/vc_column][vc_column width=&#8221;1\/4&#8243;][vc_single_image image=&#8221;3130&#8243; img_size=&#8221;300&#215;350&#8243; onclick=&#8221;custom_link&#8221; link=&#8221;http:\/\/hydrohuisman.nl\/plantinum-hh-natural-brochure\/?lang=en&#8221;][vc_single_image&hellip;<\/p>\n","protected":false},"author":4,"featured_media":0,"parent":5042,"menu_order":0,"comment_status":"closed","ping_status":"closed","template":"","meta":{"_monsterinsights_skip_tracking":false,"_monsterinsights_sitenote_active":false,"_monsterinsights_sitenote_note":"","_monsterinsights_sitenote_category":0,"footnotes":""},"class_list":["post-5048","page","type-page","status-publish","hentry","description-off"],"yoast_head":"<!-- This site is optimized with the Yoast SEO plugin v27.4 - https:\/\/yoast.com\/product\/yoast-seo-wordpress\/ -->\n<title>Komplette Pflanzgef\u00e4\u00dfe - Preise - Hydro Huisman<\/title>\n<meta name=\"robots\" content=\"noindex, nofollow\" \/>\n<meta property=\"og:locale\" content=\"de_DE\" \/>\n<meta property=\"og:type\" content=\"article\" \/>\n<meta property=\"og:title\" content=\"Komplette Pflanzgef\u00e4\u00dfe - Preise - Hydro Huisman\" \/>\n<meta property=\"og:description\" content=\"[vc_row][vc_column][vc_column_text] Hier finden Sie eine \u00dcbersicht der kompletten Pflanzgef\u00e4\u00dfe f\u00fcr jeden Innenraum Diese Produkte sind auf Lager und \/ oder sofort verf\u00fcgbar. Kontaktieren Sie uns und wir helfen Ihnen gerne weiter. [\/vc_column_text][\/vc_column][\/vc_row][vc_row][vc_column width=&#8221;1\/4&#8243;][vc_single_image image=&#8221;3125&#8243; img_size=&#8221;300&#215;350&#8243; onclick=&#8221;custom_link&#8221; link=&#8221;http:\/\/hydrohuisman.nl\/lechuza-impression\/?lang=en&#8221;][vc_single_image image=&#8221;3128&#8243; img_size=&#8221;medium&#8221; alignment=&#8221;center&#8221;][\/vc_column][vc_column width=&#8221;1\/4&#8243;][vc_single_image image=&#8221;1805&#8243; img_size=&#8221;300&#215;350&#8243; onclick=&#8221;custom_link&#8221; link=&#8221;http:\/\/hydrohuisman.nl\/plantinum-hh-colourful-brochure\/?lang=en&#8221;][vc_single_image image=&#8221;3131&#8243; img_size=&#8221;medium&#8221; alignment=&#8221;center&#8221; onclick=&#8221;custom_link&#8221; link=&#8221;#&#8221;][\/vc_column][vc_column width=&#8221;1\/4&#8243;][vc_single_image image=&#8221;3130&#8243; img_size=&#8221;300&#215;350&#8243; onclick=&#8221;custom_link&#8221; link=&#8221;http:\/\/hydrohuisman.nl\/plantinum-hh-natural-brochure\/?lang=en&#8221;][vc_single_image&hellip;\" \/>\n<meta property=\"og:url\" content=\"https:\/\/hydrohuisman.nl\/de\/preisgestaltung\/complete-planters\/\" \/>\n<meta property=\"og:site_name\" content=\"Hydro Huisman\" \/>\n<meta property=\"article:publisher\" content=\"https:\/\/www.facebook.com\/Hydro-Huisman-100939455416548\" \/>\n<meta property=\"article:modified_time\" content=\"2021-04-08T10:54:40+00:00\" \/>\n<meta property=\"og:image\" content=\"https:\/\/hydrohuisman.nl\/wp-content\/uploads\/2021\/08\/Hydro-Huisman-embleem-sRGB-200x200px_400x400-1.png\" \/>\n\t<meta property=\"og:image:width\" content=\"400\" \/>\n\t<meta property=\"og:image:height\" content=\"400\" \/>\n\t<meta property=\"og:image:type\" content=\"image\/png\" \/>\n<meta name=\"twitter:card\" content=\"summary_large_image\" \/>\n<meta name=\"twitter:site\" content=\"@hydrohuisman\" \/>\n<meta name=\"twitter:label1\" content=\"Gesch\u00e4tzte Lesezeit\" \/>\n\t<meta name=\"twitter:data1\" content=\"1\u00a0Minute\" \/>\n<!-- \/ Yoast SEO plugin. -->","yoast_head_json":{"title":"Komplette Pflanzgef\u00e4\u00dfe - Preise - Hydro Huisman","robots":{"index":"noindex","follow":"nofollow"},"og_locale":"de_DE","og_type":"article","og_title":"Komplette Pflanzgef\u00e4\u00dfe - Preise - Hydro Huisman","og_description":"[vc_row][vc_column][vc_column_text] Hier finden Sie eine \u00dcbersicht der kompletten Pflanzgef\u00e4\u00dfe f\u00fcr jeden Innenraum Diese Produkte sind auf Lager und \/ oder sofort verf\u00fcgbar. Kontaktieren Sie uns und wir helfen Ihnen gerne weiter. [\/vc_column_text][\/vc_column][\/vc_row][vc_row][vc_column width=&#8221;1\/4&#8243;][vc_single_image image=&#8221;3125&#8243; img_size=&#8221;300&#215;350&#8243; onclick=&#8221;custom_link&#8221; link=&#8221;http:\/\/hydrohuisman.nl\/lechuza-impression\/?lang=en&#8221;][vc_single_image image=&#8221;3128&#8243; img_size=&#8221;medium&#8221; alignment=&#8221;center&#8221;][\/vc_column][vc_column width=&#8221;1\/4&#8243;][vc_single_image image=&#8221;1805&#8243; img_size=&#8221;300&#215;350&#8243; onclick=&#8221;custom_link&#8221; link=&#8221;http:\/\/hydrohuisman.nl\/plantinum-hh-colourful-brochure\/?lang=en&#8221;][vc_single_image image=&#8221;3131&#8243; img_size=&#8221;medium&#8221; alignment=&#8221;center&#8221; onclick=&#8221;custom_link&#8221; link=&#8221;#&#8221;][\/vc_column][vc_column width=&#8221;1\/4&#8243;][vc_single_image image=&#8221;3130&#8243; img_size=&#8221;300&#215;350&#8243; onclick=&#8221;custom_link&#8221; link=&#8221;http:\/\/hydrohuisman.nl\/plantinum-hh-natural-brochure\/?lang=en&#8221;][vc_single_image&hellip;","og_url":"https:\/\/hydrohuisman.nl\/de\/preisgestaltung\/complete-planters\/","og_site_name":"Hydro Huisman","article_publisher":"https:\/\/www.facebook.com\/Hydro-Huisman-100939455416548","article_modified_time":"2021-04-08T10:54:40+00:00","og_image":[{"width":400,"height":400,"url":"https:\/\/hydrohuisman.nl\/wp-content\/uploads\/2021\/08\/Hydro-Huisman-embleem-sRGB-200x200px_400x400-1.png","type":"image\/png"}],"twitter_card":"summary_large_image","twitter_site":"@hydrohuisman","twitter_misc":{"Gesch\u00e4tzte Lesezeit":"1\u00a0Minute"},"schema":{"@context":"https:\/\/schema.org","@graph":[{"@type":"WebPage","@id":"https:\/\/hydrohuisman.nl\/de\/preisgestaltung\/complete-planters\/","url":"https:\/\/hydrohuisman.nl\/de\/preisgestaltung\/complete-planters\/","name":"Komplette Pflanzgef\u00e4\u00dfe - Preise - Hydro Huisman","isPartOf":{"@id":"https:\/\/hydrohuisman.nl\/de\/#website"},"datePublished":"2021-04-08T10:41:16+00:00","dateModified":"2021-04-08T10:54:40+00:00","breadcrumb":{"@id":"https:\/\/hydrohuisman.nl\/de\/preisgestaltung\/complete-planters\/#breadcrumb"},"inLanguage":"de","potentialAction":[{"@type":"ReadAction","target":["https:\/\/hydrohuisman.nl\/de\/preisgestaltung\/complete-planters\/"]}]},{"@type":"BreadcrumbList","@id":"https:\/\/hydrohuisman.nl\/de\/preisgestaltung\/complete-planters\/#breadcrumb","itemListElement":[{"@type":"ListItem","position":1,"name":"Home","item":"https:\/\/hydrohuisman.nl\/de\/"},{"@type":"ListItem","position":2,"name":"Preisgestaltung","item":"https:\/\/hydrohuisman.nl\/de\/preisgestaltung\/"},{"@type":"ListItem","position":3,"name":"Komplette Pflanzgef\u00e4\u00dfe &#8211; Preise"}]},{"@type":"WebSite","@id":"https:\/\/hydrohuisman.nl\/de\/#website","url":"https:\/\/hydrohuisman.nl\/de\/","name":"Hydro Huisman","description":"Specialist in Hydrocultuur","publisher":{"@id":"https:\/\/hydrohuisman.nl\/de\/#organization"},"potentialAction":[{"@type":"SearchAction","target":{"@type":"EntryPoint","urlTemplate":"https:\/\/hydrohuisman.nl\/de\/?s={search_term_string}"},"query-input":{"@type":"PropertyValueSpecification","valueRequired":true,"valueName":"search_term_string"}}],"inLanguage":"de"},{"@type":"Organization","@id":"https:\/\/hydrohuisman.nl\/de\/#organization","name":"Hydro Huisman","url":"https:\/\/hydrohuisman.nl\/de\/","logo":{"@type":"ImageObject","inLanguage":"de","@id":"https:\/\/hydrohuisman.nl\/de\/#\/schema\/logo\/image\/","url":"https:\/\/hydrohuisman.nl\/wp-content\/uploads\/2016\/11\/hydrohuismanlogo.png","contentUrl":"https:\/\/hydrohuisman.nl\/wp-content\/uploads\/2016\/11\/hydrohuismanlogo.png","width":493,"height":80,"caption":"Hydro Huisman"},"image":{"@id":"https:\/\/hydrohuisman.nl\/de\/#\/schema\/logo\/image\/"},"sameAs":["https:\/\/www.facebook.com\/Hydro-Huisman-100939455416548","https:\/\/x.com\/hydrohuisman","https:\/\/www.linkedin.com\/company\/hydro-huisman"]}]}},"_links":{"self":[{"href":"https:\/\/hydrohuisman.nl\/de\/wp-json\/wp\/v2\/pages\/5048","targetHints":{"allow":["GET"]}}],"collection":[{"href":"https:\/\/hydrohuisman.nl\/de\/wp-json\/wp\/v2\/pages"}],"about":[{"href":"https:\/\/hydrohuisman.nl\/de\/wp-json\/wp\/v2\/types\/page"}],"author":[{"embeddable":true,"href":"https:\/\/hydrohuisman.nl\/de\/wp-json\/wp\/v2\/users\/4"}],"replies":[{"embeddable":true,"href":"https:\/\/hydrohuisman.nl\/de\/wp-json\/wp\/v2\/comments?post=5048"}],"version-history":[{"count":1,"href":"https:\/\/hydrohuisman.nl\/de\/wp-json\/wp\/v2\/pages\/5048\/revisions"}],"predecessor-version":[{"id":5049,"href":"https:\/\/hydrohuisman.nl\/de\/wp-json\/wp\/v2\/pages\/5048\/revisions\/5049"}],"up":[{"embeddable":true,"href":"https:\/\/hydrohuisman.nl\/de\/wp-json\/wp\/v2\/pages\/5042"}],"wp:attachment":[{"href":"https:\/\/hydrohuisman.nl\/de\/wp-json\/wp\/v2\/media?parent=5048"}],"curies":[{"name":"wp","href":"https:\/\/api.w.org\/{rel}","templated":true}]}}