{"id":1976,"date":"2017-03-07T09:50:17","date_gmt":"2017-03-07T08:50:17","guid":{"rendered":"http:\/\/hydrohuisman.nl\/?page_id=1976"},"modified":"2017-07-31T14:43:55","modified_gmt":"2017-07-31T12:43:55","slug":"producten","status":"publish","type":"page","link":"https:\/\/hydrohuisman.nl\/de\/producten\/","title":{"rendered":"Produkten"},"content":{"rendered":"<div class=\"wpb-content-wrapper\"><p>[vc_row][vc_column]<div id=\"ultimate-heading-778069f4ffd0b8c62\" class=\"uvc-heading ult-adjust-bottom-margin ultimate-heading-778069f4ffd0b8c62 uvc-4773 \" data-hspacer=\"no_spacer\"  data-halign=\"left\" style=\"text-align:left\"><div class=\"uvc-heading-spacer no_spacer\" style=\"top\"><\/div><div class=\"uvc-main-heading ult-responsive\"  data-ultimate-target='.uvc-heading.ultimate-heading-778069f4ffd0b8c62 h2'  data-responsive-json-new='{\"font-size\":\"desktop:20px;\",\"line-height\":\"desktop:26px;\"}' ><h2 style=\"font-weight:bold;color:#008a31;margin-bottom:30px;\">WILLKOMMEN IN UNSEREM ONLINE PRODUKTINFORMATION<\/h2><\/div><\/div>[vc_column_text]Vielen Dank f\u00fcr Ihr Interesse an unseren Produkten. Wir als Hydro Huisman haben sich entschieden, unseren Katalog ver\u00f6ffentlichen Online f\u00fcr alle Interessierten (ohne Preise und direkte Bestellm\u00f6glichkeit). Sie sind daher in der Lage 24 Stunden am Tag zur Verf\u00fcgung zu stellen unseres gesamten Bereich Laufenden gehalten werden. Unser Katalog wird t\u00e4glich aktualisiert, so dass Sie von Produkten gew\u00e4hrleistet, die zeitgen\u00f6ssischen und verf\u00fcgbar sind.[\/vc_column_text][\/vc_column][\/vc_row][vc_row][vc_column][vc_empty_space][\/vc_column][\/vc_row][vc_row][vc_column]<div id=\"ult-carousel-179810427269f4ffd0b8de2\" class=\"ult-carousel-wrapper   ult_horizontal\" data-gutter=\"5\" data-rtl=\"false\" ><div class=\"ult-carousel-183912041169f4ffd0b8d96 \" ><div class=\"ult-item-wrap\" data-animation=\"animated no-animation\">\n<div tabindex=\"0\" id=\"interactive-banner-1-wrap-4402\" class=\"ult-banner-block ult-adjust-bottom-margin ult-bb-box ult-banner-block-custom-height banner-style01 \"   style=\"height:300px;margin:5px;\">\n\t<img decoding=\"async\" src=\"https:\/\/hydrohuisman.nl\/wp-content\/uploads\/2016\/11\/Producten_Planten1.jpg\" alt=\"null\">\n\t<h3  data-ultimate-target='#interactive-banner-1-wrap-4402 .bb-top-title '  data-responsive-json-new='{\"font-size\":\"\",\"line-height\":\"\"}'  class=\"title-center bb-top-title ult-responsive\" style=\"font-weight:normal;background:#0e2476;color:#ffffff;\">PFLANZEN<\/h3>\n\t<div class=\"mask opaque-background\" style=\"background:rgba(15,36,117,0.36);\">\n\t\t<div  data-ultimate-target='#interactive-banner-1-wrap-4402 .bb-description'  data-responsive-json-new='{\"font-size\":\"\",\"line-height\":\"\"}'  class=\"bb-description ult-responsive\" style=\"font-weight:normal;color:#ffffff;\"><\/div>\n\t<\/div><a class=\"bb-link\" href=\"http:\/\/hydrohuisman.nl\/pflanzen\/?lang=de\" ><\/a>\n<\/div><\/div><div class=\"ult-item-wrap\" data-animation=\"animated no-animation\">\n<div tabindex=\"0\" id=\"interactive-banner-1-wrap-6769\" class=\"ult-banner-block ult-adjust-bottom-margin ult-bb-box ult-banner-block-custom-height banner-style01 \"   style=\"height:300px;margin:5px;\">\n\t<img decoding=\"async\" src=\"https:\/\/hydrohuisman.nl\/wp-content\/uploads\/2016\/11\/Producten_PlantenbakkenPremium-e1488207343842.jpg\" alt=\"null\">\n\t<h3  data-ultimate-target='#interactive-banner-1-wrap-6769 .bb-top-title '  data-responsive-json-new='{\"font-size\":\"\",\"line-height\":\"\"}'  class=\"title-center bb-top-title ult-responsive\" style=\"font-weight:normal;background:#0e2476;color:#ffffff;\">PREMIUM PFLANZGEF\u00c4SSE<\/h3>\n\t<div class=\"mask opaque-background\" style=\"background:rgba(15,36,117,0.36);\">\n\t\t<div  data-ultimate-target='#interactive-banner-1-wrap-6769 .bb-description'  data-responsive-json-new='{\"font-size\":\"\",\"line-height\":\"\"}'  class=\"bb-description ult-responsive\" style=\"font-weight:normal;color:#ffffff;\"><\/div>\n\t<\/div><a class=\"bb-link\" href=\"http:\/\/hydrohuisman.nl\/pflanzgefaesse\/?lang=de\" ><\/a>\n<\/div><\/div><div class=\"ult-item-wrap\" data-animation=\"animated no-animation\">\n<div tabindex=\"0\" id=\"interactive-banner-1-wrap-9771\" class=\"ult-banner-block ult-adjust-bottom-margin ult-bb-box ult-banner-block-custom-height banner-style01 \"   style=\"height:300px;margin:5px;\">\n\t<img decoding=\"async\" src=\"https:\/\/hydrohuisman.nl\/wp-content\/uploads\/2016\/11\/Producten_plantenbakken_overig.jpg\" alt=\"null\">\n\t<h3  data-ultimate-target='#interactive-banner-1-wrap-9771 .bb-top-title '  data-responsive-json-new='{\"font-size\":\"\",\"line-height\":\"\"}'  class=\"title-center bb-top-title ult-responsive\" style=\"font-weight:normal;background:#0e2476;color:#ffffff;\">\u00dcBRIGE PFLANZGEF\u00c4SSE<\/h3>\n\t<div class=\"mask opaque-background\" style=\"background:rgba(15,36,117,0.36);\">\n\t\t<div  data-ultimate-target='#interactive-banner-1-wrap-9771 .bb-description'  data-responsive-json-new='{\"font-size\":\"\",\"line-height\":\"\"}'  class=\"bb-description ult-responsive\" style=\"font-weight:normal;color:#ffffff;\"><\/div>\n\t<\/div><a class=\"bb-link\" href=\"http:\/\/hydrohuisman.nl\/pflanzgefaesse-uebrige\/?lang=de\" ><\/a>\n<\/div><\/div><\/div><\/div>\t\t\t<script type=\"text\/javascript\">\n\t\t\t\tjQuery(document).ready(function ($) {\n\t\t\t\t\tif( typeof jQuery('.ult-carousel-183912041169f4ffd0b8d96').slick == \"function\"){\n\t\t\t\t\t\t$('.ult-carousel-183912041169f4ffd0b8d96').slick({dots: false,autoplaySpeed: \"5000\",speed: \"300\",infinite: false,arrows: false,slidesToScroll:1,slidesToShow:3,swipe: false,draggable: false,touchMove: true,pauseOnHover: true,pauseOnFocus: false,responsive: [\n\t\t\t\t\t\t\t{\n\t\t\t\t\t\t\t  breakpoint: 1026,\n\t\t\t\t\t\t\t  settings: {\n\t\t\t\t\t\t\t\tslidesToShow: 3,\n\t\t\t\t\t\t\t\tslidesToScroll: 1,  \n\t\t\t\t\t\t\t  }\n\t\t\t\t\t\t\t},\n\t\t\t\t\t\t\t{\n\t\t\t\t\t\t\t  breakpoint: 1025,\n\t\t\t\t\t\t\t  settings: {\n\t\t\t\t\t\t\t\tslidesToShow: 3,\n\t\t\t\t\t\t\t\tslidesToScroll: 1\n\t\t\t\t\t\t\t  }\n\t\t\t\t\t\t\t},\n\t\t\t\t\t\t\t{\n\t\t\t\t\t\t\t  breakpoint: 760,\n\t\t\t\t\t\t\t  settings: {\n\t\t\t\t\t\t\t\tslidesToShow: 1,\n\t\t\t\t\t\t\t\tslidesToScroll: 1\n\t\t\t\t\t\t\t  }\n\t\t\t\t\t\t\t}\n\t\t\t\t\t\t],pauseOnDotsHover: true,customPaging: function(slider, i) {\n                   return '<i type=\"button\" style= \"color:#333333;\" class=\"ultsl-record\" data-role=\"none\"><\/i>';\n                },});\n\t\t\t\t\t}\n\t\t\t\t});\n\t\t\t<\/script>\n\t\t\t<div id=\"ult-carousel-289759182269f4ffd0b95fd\" class=\"ult-carousel-wrapper   ult_horizontal\" data-gutter=\"5\" data-rtl=\"false\" ><div class=\"ult-carousel-27284778769f4ffd0b95ab \" ><div class=\"ult-item-wrap\" data-animation=\"animated no-animation\">\n<div tabindex=\"0\" id=\"interactive-banner-1-wrap-2149\" class=\"ult-banner-block ult-adjust-bottom-margin ult-bb-box ult-banner-block-custom-height banner-style01 \"   style=\"height:300px;margin:5px;\">\n\t<img decoding=\"async\" src=\"https:\/\/hydrohuisman.nl\/wp-content\/uploads\/2016\/11\/Producten_GroeneWand.jpg\" alt=\"null\">\n\t<h3  data-ultimate-target='#interactive-banner-1-wrap-2149 .bb-top-title '  data-responsive-json-new='{\"font-size\":\"\",\"line-height\":\"\"}'  class=\"title-center bb-top-title ult-responsive\" style=\"font-weight:normal;background:#0e2476;color:#ffffff;\">GR\u00dcNE W\u00c4NDE<\/h3>\n\t<div class=\"mask opaque-background\" style=\"background:rgba(15,36,117,0.36);\">\n\t\t<div  data-ultimate-target='#interactive-banner-1-wrap-2149 .bb-description'  data-responsive-json-new='{\"font-size\":\"\",\"line-height\":\"\"}'  class=\"bb-description ult-responsive\" style=\"font-weight:normal;color:#ffffff;\"><\/div>\n\t<\/div><a class=\"bb-link\" href=\"http:\/\/hydrohuisman.nl\/gruene-waende\/?lang=de\" ><\/a>\n<\/div><\/div><div class=\"ult-item-wrap\" data-animation=\"animated no-animation\">\n<div tabindex=\"0\" id=\"interactive-banner-1-wrap-9572\" class=\"ult-banner-block ult-adjust-bottom-margin ult-bb-box ult-banner-block-custom-height banner-style01 \"   style=\"height:300px;margin:5px;\">\n\t<img decoding=\"async\" src=\"https:\/\/hydrohuisman.nl\/wp-content\/uploads\/2016\/11\/Bosco-Oval-Small-Coconut-e1499769738631.jpg\" alt=\"null\">\n\t<h3  data-ultimate-target='#interactive-banner-1-wrap-9572 .bb-top-title '  data-responsive-json-new='{\"font-size\":\"\",\"line-height\":\"\"}'  class=\"title-center bb-top-title ult-responsive\" style=\"font-weight:normal;background:#0e2476;color:#ffffff;\">TEXTIL<\/h3>\n\t<div class=\"mask opaque-background\" style=\"background:rgba(15,36,117,0.36);\">\n\t\t<div  data-ultimate-target='#interactive-banner-1-wrap-9572 .bb-description'  data-responsive-json-new='{\"font-size\":\"\",\"line-height\":\"\"}'  class=\"bb-description ult-responsive\" style=\"font-weight:normal;color:#ffffff;\"><\/div>\n\t<\/div><a class=\"bb-link\" href=\"http:\/\/hydrohuisman.nl\/textil-pflanzen\/?lang=de\" ><\/a>\n<\/div><\/div><div class=\"ult-item-wrap\" data-animation=\"animated no-animation\">\n<div tabindex=\"0\" id=\"interactive-banner-1-wrap-5110\" class=\"ult-banner-block ult-adjust-bottom-margin ult-bb-box ult-banner-block-custom-height banner-style01 \"   style=\"height:300px;margin:5px;\">\n\t<img decoding=\"async\" src=\"https:\/\/hydrohuisman.nl\/wp-content\/uploads\/2016\/11\/Button_Complete_Plantenbakken-e1499934367829.jpg\" alt=\"null\">\n\t<h3  data-ultimate-target='#interactive-banner-1-wrap-5110 .bb-top-title '  data-responsive-json-new='{\"font-size\":\"\",\"line-height\":\"\"}'  class=\"title-center bb-top-title ult-responsive\" style=\"font-weight:normal;background:#0e2476;color:#ffffff;\">KOMPLETT BEPFLANZT<\/h3>\n\t<div class=\"mask opaque-background\" style=\"background:rgba(15,36,117,0.36);\">\n\t\t<div  data-ultimate-target='#interactive-banner-1-wrap-5110 .bb-description'  data-responsive-json-new='{\"font-size\":\"\",\"line-height\":\"\"}'  class=\"bb-description ult-responsive\" style=\"font-weight:normal;color:#ffffff;\"><\/div>\n\t<\/div><a class=\"bb-link\" href=\"\/komplett-bepflanzt\/?lang=de\" ><\/a>\n<\/div><\/div><\/div><\/div>\t\t\t<script type=\"text\/javascript\">\n\t\t\t\tjQuery(document).ready(function ($) {\n\t\t\t\t\tif( typeof jQuery('.ult-carousel-27284778769f4ffd0b95ab').slick == \"function\"){\n\t\t\t\t\t\t$('.ult-carousel-27284778769f4ffd0b95ab').slick({dots: false,autoplaySpeed: \"5000\",speed: \"300\",infinite: false,arrows: false,slidesToScroll:1,slidesToShow:3,swipe: false,draggable: false,touchMove: true,pauseOnHover: true,pauseOnFocus: false,responsive: [\n\t\t\t\t\t\t\t{\n\t\t\t\t\t\t\t  breakpoint: 1026,\n\t\t\t\t\t\t\t  settings: {\n\t\t\t\t\t\t\t\tslidesToShow: 3,\n\t\t\t\t\t\t\t\tslidesToScroll: 1,  \n\t\t\t\t\t\t\t  }\n\t\t\t\t\t\t\t},\n\t\t\t\t\t\t\t{\n\t\t\t\t\t\t\t  breakpoint: 1025,\n\t\t\t\t\t\t\t  settings: {\n\t\t\t\t\t\t\t\tslidesToShow: 3,\n\t\t\t\t\t\t\t\tslidesToScroll: 1\n\t\t\t\t\t\t\t  }\n\t\t\t\t\t\t\t},\n\t\t\t\t\t\t\t{\n\t\t\t\t\t\t\t  breakpoint: 760,\n\t\t\t\t\t\t\t  settings: {\n\t\t\t\t\t\t\t\tslidesToShow: 1,\n\t\t\t\t\t\t\t\tslidesToScroll: 1\n\t\t\t\t\t\t\t  }\n\t\t\t\t\t\t\t}\n\t\t\t\t\t\t],pauseOnDotsHover: true,customPaging: function(slider, i) {\n                   return '<i type=\"button\" style= \"color:#333333;\" class=\"ultsl-record\" data-role=\"none\"><\/i>';\n                },});\n\t\t\t\t\t}\n\t\t\t\t});\n\t\t\t<\/script>\n\t\t\t[\/vc_column][\/vc_row]<\/p>\n<\/div>","protected":false},"excerpt":{"rendered":"<p>[vc_row][vc_column][vc_column_text]Vielen Dank f\u00fcr Ihr Interesse an unseren Produkten. Wir als Hydro Huisman haben sich entschieden, unseren Katalog ver\u00f6ffentlichen Online f\u00fcr alle Interessierten (ohne Preise und direkte Bestellm\u00f6glichkeit). Sie sind daher in der Lage 24 Stunden am Tag zur Verf\u00fcgung zu stellen unseres gesamten Bereich Laufenden gehalten werden. Unser Katalog wird t\u00e4glich aktualisiert, so dass Sie&hellip;<\/p>\n","protected":false},"author":4,"featured_media":0,"parent":0,"menu_order":8,"comment_status":"closed","ping_status":"closed","template":"","meta":{"_monsterinsights_skip_tracking":false,"_monsterinsights_sitenote_active":false,"_monsterinsights_sitenote_note":"","_monsterinsights_sitenote_category":0,"footnotes":""},"class_list":["post-1976","page","type-page","status-publish","hentry","description-off"],"yoast_head":"<!-- This site is optimized with the Yoast SEO plugin v27.5 - https:\/\/yoast.com\/product\/yoast-seo-wordpress\/ -->\n<title>Produkten - Hydro Huisman<\/title>\n<meta name=\"description\" content=\"Online Produktinformation Hydro Huisman \u2022 Pflanzen \u2022 Pflanzer Premium-&amp; Andere \u2022 Gr\u00fcne W\u00e4nde \u2022 Aktuelle Produktkatalog\" \/>\n<meta name=\"robots\" content=\"index, follow, max-snippet:-1, max-image-preview:large, max-video-preview:-1\" \/>\n<link rel=\"canonical\" href=\"https:\/\/hydrohuisman.nl\/de\/producten\/\" \/>\n<meta property=\"og:locale\" content=\"de_DE\" \/>\n<meta property=\"og:type\" content=\"article\" \/>\n<meta property=\"og:title\" content=\"Produkten - Hydro Huisman\" \/>\n<meta property=\"og:description\" content=\"Online Produktinformation Hydro Huisman \u2022 Pflanzen \u2022 Pflanzer Premium-&amp; Andere \u2022 Gr\u00fcne W\u00e4nde \u2022 Aktuelle Produktkatalog\" \/>\n<meta property=\"og:url\" content=\"https:\/\/hydrohuisman.nl\/de\/producten\/\" \/>\n<meta property=\"og:site_name\" content=\"Hydro Huisman\" \/>\n<meta property=\"article:publisher\" content=\"https:\/\/www.facebook.com\/Hydro-Huisman-100939455416548\" \/>\n<meta property=\"article:modified_time\" content=\"2017-07-31T12:43:55+00:00\" \/>\n<meta property=\"og:image\" content=\"https:\/\/hydrohuisman.nl\/wp-content\/uploads\/2021\/08\/Hydro-Huisman-embleem-sRGB-200x200px_400x400-1.png\" \/>\n\t<meta property=\"og:image:width\" content=\"400\" \/>\n\t<meta property=\"og:image:height\" content=\"400\" \/>\n\t<meta property=\"og:image:type\" content=\"image\/png\" \/>\n<meta name=\"twitter:card\" content=\"summary_large_image\" \/>\n<meta name=\"twitter:site\" content=\"@hydrohuisman\" \/>\n<meta name=\"twitter:label1\" content=\"Gesch\u00e4tzte Lesezeit\" \/>\n\t<meta name=\"twitter:data1\" content=\"3\u00a0Minuten\" \/>\n<!-- \/ Yoast SEO plugin. -->","yoast_head_json":{"title":"Produkten - Hydro Huisman","description":"Online Produktinformation Hydro Huisman \u2022 Pflanzen \u2022 Pflanzer Premium-& Andere \u2022 Gr\u00fcne W\u00e4nde \u2022 Aktuelle Produktkatalog","robots":{"index":"index","follow":"follow","max-snippet":"max-snippet:-1","max-image-preview":"max-image-preview:large","max-video-preview":"max-video-preview:-1"},"canonical":"https:\/\/hydrohuisman.nl\/de\/producten\/","og_locale":"de_DE","og_type":"article","og_title":"Produkten - Hydro Huisman","og_description":"Online Produktinformation Hydro Huisman \u2022 Pflanzen \u2022 Pflanzer Premium-& Andere \u2022 Gr\u00fcne W\u00e4nde \u2022 Aktuelle Produktkatalog","og_url":"https:\/\/hydrohuisman.nl\/de\/producten\/","og_site_name":"Hydro Huisman","article_publisher":"https:\/\/www.facebook.com\/Hydro-Huisman-100939455416548","article_modified_time":"2017-07-31T12:43:55+00:00","og_image":[{"width":400,"height":400,"url":"https:\/\/hydrohuisman.nl\/wp-content\/uploads\/2021\/08\/Hydro-Huisman-embleem-sRGB-200x200px_400x400-1.png","type":"image\/png"}],"twitter_card":"summary_large_image","twitter_site":"@hydrohuisman","twitter_misc":{"Gesch\u00e4tzte Lesezeit":"3\u00a0Minuten"},"schema":{"@context":"https:\/\/schema.org","@graph":[{"@type":"WebPage","@id":"https:\/\/hydrohuisman.nl\/de\/producten\/","url":"https:\/\/hydrohuisman.nl\/de\/producten\/","name":"Produkten - Hydro Huisman","isPartOf":{"@id":"https:\/\/hydrohuisman.nl\/de\/#website"},"datePublished":"2017-03-07T08:50:17+00:00","dateModified":"2017-07-31T12:43:55+00:00","description":"Online Produktinformation Hydro Huisman \u2022 Pflanzen \u2022 Pflanzer Premium-& Andere \u2022 Gr\u00fcne W\u00e4nde \u2022 Aktuelle Produktkatalog","breadcrumb":{"@id":"https:\/\/hydrohuisman.nl\/de\/producten\/#breadcrumb"},"inLanguage":"de","potentialAction":[{"@type":"ReadAction","target":["https:\/\/hydrohuisman.nl\/de\/producten\/"]}]},{"@type":"BreadcrumbList","@id":"https:\/\/hydrohuisman.nl\/de\/producten\/#breadcrumb","itemListElement":[{"@type":"ListItem","position":1,"name":"Home","item":"https:\/\/hydrohuisman.nl\/de\/"},{"@type":"ListItem","position":2,"name":"Produkten"}]},{"@type":"WebSite","@id":"https:\/\/hydrohuisman.nl\/de\/#website","url":"https:\/\/hydrohuisman.nl\/de\/","name":"Hydro Huisman","description":"Specialist in Hydrocultuur","publisher":{"@id":"https:\/\/hydrohuisman.nl\/de\/#organization"},"potentialAction":[{"@type":"SearchAction","target":{"@type":"EntryPoint","urlTemplate":"https:\/\/hydrohuisman.nl\/de\/?s={search_term_string}"},"query-input":{"@type":"PropertyValueSpecification","valueRequired":true,"valueName":"search_term_string"}}],"inLanguage":"de"},{"@type":"Organization","@id":"https:\/\/hydrohuisman.nl\/de\/#organization","name":"Hydro Huisman","url":"https:\/\/hydrohuisman.nl\/de\/","logo":{"@type":"ImageObject","inLanguage":"de","@id":"https:\/\/hydrohuisman.nl\/de\/#\/schema\/logo\/image\/","url":"https:\/\/hydrohuisman.nl\/wp-content\/uploads\/2016\/11\/hydrohuismanlogo.png","contentUrl":"https:\/\/hydrohuisman.nl\/wp-content\/uploads\/2016\/11\/hydrohuismanlogo.png","width":493,"height":80,"caption":"Hydro Huisman"},"image":{"@id":"https:\/\/hydrohuisman.nl\/de\/#\/schema\/logo\/image\/"},"sameAs":["https:\/\/www.facebook.com\/Hydro-Huisman-100939455416548","https:\/\/x.com\/hydrohuisman","https:\/\/www.linkedin.com\/company\/hydro-huisman"]}]}},"_links":{"self":[{"href":"https:\/\/hydrohuisman.nl\/de\/wp-json\/wp\/v2\/pages\/1976","targetHints":{"allow":["GET"]}}],"collection":[{"href":"https:\/\/hydrohuisman.nl\/de\/wp-json\/wp\/v2\/pages"}],"about":[{"href":"https:\/\/hydrohuisman.nl\/de\/wp-json\/wp\/v2\/types\/page"}],"author":[{"embeddable":true,"href":"https:\/\/hydrohuisman.nl\/de\/wp-json\/wp\/v2\/users\/4"}],"replies":[{"embeddable":true,"href":"https:\/\/hydrohuisman.nl\/de\/wp-json\/wp\/v2\/comments?post=1976"}],"version-history":[{"count":5,"href":"https:\/\/hydrohuisman.nl\/de\/wp-json\/wp\/v2\/pages\/1976\/revisions"}],"predecessor-version":[{"id":3390,"href":"https:\/\/hydrohuisman.nl\/de\/wp-json\/wp\/v2\/pages\/1976\/revisions\/3390"}],"wp:attachment":[{"href":"https:\/\/hydrohuisman.nl\/de\/wp-json\/wp\/v2\/media?parent=1976"}],"curies":[{"name":"wp","href":"https:\/\/api.w.org\/{rel}","templated":true}]}}