{"id":1972,"date":"2017-03-07T09:49:51","date_gmt":"2017-03-07T08:49:51","guid":{"rendered":"http:\/\/hydrohuisman.nl\/?page_id=1972"},"modified":"2024-05-17T13:20:37","modified_gmt":"2024-05-17T11:20:37","slug":"pflanzgefaesse","status":"publish","type":"page","link":"https:\/\/hydrohuisman.nl\/de\/producten\/pflanzgefaesse\/","title":{"rendered":"Pflanzgef\u00e4sse Serie"},"content":{"rendered":"<div class=\"wpb-content-wrapper\"><p>[vc_row][vc_column][vc_empty_space height=&#8221;15px&#8221;][vc_column_text css=&#8221;&#8221;]<\/p>\n<h4 style=\"text-align: left;\">Hier finden Sie die Pflanzgef\u00e4\u00dfe Palette von Hydro Huisman. Diese Produkte sind auf Lager und somit sofort verf\u00fcgbar. Bitte kontaktieren Sie uns f\u00fcr weitere Fragen.<\/h4>\n<p>[\/vc_column_text][\/vc_column][\/vc_row][vc_row][vc_column width=&#8221;1\/3&#8243;]<section class=\"shortcode-teaser img-full\"><div class=\"shortcode-teaser-img\"><a class=\"layzr-bg rollover\" href=\"https:\/\/hydrohuisman.nl\/wp-content\/uploads\/2023\/03\/Brochure-Natural-Hydro-Huisman2705.pdf\" target=\"_blank\"><img loading=\"lazy\" decoding=\"async\" class=\"lazy-load\" src=\"data:image\/svg+xml;charset=utf-8,%3Csvg xmlns%3D&#039;http%3A%2F%2Fwww.w3.org%2F2000%2Fsvg&#039; viewBox%3D&#039;0 0 525 745&#039;%2F%3E\" width=\"525\" height=\"745\" data-srcset=\"https:\/\/hydrohuisman.nl\/wp-content\/uploads\/2023\/03\/Voorkant-brochure-natural-Plantinum.png 525w\" data-src=\"https:\/\/hydrohuisman.nl\/wp-content\/uploads\/2023\/03\/Voorkant-brochure-natural-Plantinum.png\" \/><\/a><\/div><div class=\"shortcode-teaser-content text-big\"><p><strong>Plantinum Natural Brochure 2023<\/strong><\/p>\n<p><a href=\"https:\/\/hydrohuisman.nl\/wp-content\/uploads\/2019\/12\/Hydro-Huisman-Colourful-Brochure_compressed.pdf\">Hier geht es zur Katalog<\/a><\/p>\n<\/div><\/section>[\/vc_column][vc_column width=&#8221;1\/3&#8243;]<section class=\"shortcode-teaser img-full\"><div class=\"shortcode-teaser-img\"><a class=\"layzr-bg rollover\" href=\"https:\/\/hydrohuisman.nl\/wp-content\/uploads\/2023\/03\/Brochure-Natural-Hydro-Huisman2705.pdf\" target=\"_blank\"><img loading=\"lazy\" decoding=\"async\" class=\"lazy-load\" src=\"data:image\/svg+xml;charset=utf-8,%3Csvg xmlns%3D&#039;http%3A%2F%2Fwww.w3.org%2F2000%2Fsvg&#039; viewBox%3D&#039;0 0 462 653&#039;%2F%3E\" width=\"462\" height=\"653\" data-srcset=\"https:\/\/hydrohuisman.nl\/wp-content\/uploads\/2023\/01\/natural_products.png 462w\" data-src=\"https:\/\/hydrohuisman.nl\/wp-content\/uploads\/2023\/01\/natural_products.png\" \/><\/a><\/div><div class=\"shortcode-teaser-content text-big\"><p><strong>Plantinum Natural Catalog 2023 <\/strong><\/p>\n<p><a href=\"https:\/\/hydrohuisman.nl\/wp-content\/uploads\/2019\/12\/Hydro-Huisman-Natural-Brochure-_compressed.pdf\">Hier geht es zur Katalog<\/a><\/p>\n<\/div><\/section>[\/vc_column][vc_column width=&#8221;1\/3&#8243;]<section class=\"shortcode-teaser img-full\"><div class=\"shortcode-teaser-img\"><a class=\"layzr-bg rollover\" href=\"https:\/\/hydrohuisman.nl\/wp-content\/uploads\/2023\/03\/Brochure-CF-Hydro-Huisman.pdf\" target=\"_blank\"><img loading=\"lazy\" decoding=\"async\" class=\"lazy-load\" src=\"data:image\/svg+xml;charset=utf-8,%3Csvg xmlns%3D&#039;http%3A%2F%2Fwww.w3.org%2F2000%2Fsvg&#039; viewBox%3D&#039;0 0 451 639&#039;%2F%3E\" width=\"451\" height=\"639\" data-srcset=\"https:\/\/hydrohuisman.nl\/wp-content\/uploads\/2023\/03\/Colourful-brochure-voorkant-Plantinum.png 451w\" data-src=\"https:\/\/hydrohuisman.nl\/wp-content\/uploads\/2023\/03\/Colourful-brochure-voorkant-Plantinum.png\" \/><\/a><\/div><div class=\"shortcode-teaser-content text-big\"><p><strong>Plantinum Colourful Ambiance 2023<\/strong><\/p>\n<p><a href=\"http:\/\/flowpaper.com\/flipbook\/?pdf=http:\/\/hydrohuisman.nl\/wp-content\/uploads\/2017\/03\/Plantinum_HH_Colourful_Brochure.pdf?wp-hosted=1&amp;title=&amp;header=&amp;theme=&amp;thumbs=1&amp;modified=170810207%22%20seamless=%22seamless%22%3EYour%20browser%20does%20not%20seem%20to%20support%20iframes.%20%3Ca%20href=%22http:\/\/flowpaper.com\/flipbook\/?pdf=http:\/\/hydrohuisman.nl\/wp-content\/uploads\/2017\/03\/Plantinum_HH_Colourful_Brochure.pdf?wp-hosted=1%22%20target=%22_blank%22%3EClick%20here%20to%20read%20this%20PDF%3C\/a%3E.%3C\/iframe%3E\">Hier geht es zur Katalog<\/a><\/p>\n<\/div><\/section>[\/vc_column][\/vc_row][vc_row][vc_column width=&#8221;1\/3&#8243;]<section class=\"shortcode-teaser img-full\"><div class=\"layzr-bg shortcode-teaser-img\"><img loading=\"lazy\" decoding=\"async\" class=\"lazy-load\" src=\"data:image\/svg+xml;charset=utf-8,%3Csvg xmlns%3D&#039;http%3A%2F%2Fwww.w3.org%2F2000%2Fsvg&#039; viewBox%3D&#039;0 0 445 633&#039;%2F%3E\" width=\"445\" height=\"633\" data-srcset=\"https:\/\/hydrohuisman.nl\/wp-content\/uploads\/2023\/02\/Plantinum-colourful-coverfoto-2023.png 445w\" data-src=\"https:\/\/hydrohuisman.nl\/wp-content\/uploads\/2023\/02\/Plantinum-colourful-coverfoto-2023.png\" \/><\/div><div class=\"shortcode-teaser-content text-big\"><p><strong>Plantinum Colourful Catalog 2023\u00a0<\/strong><\/p>\n<p><a href=\"https:\/\/hydrohuisman.nl\/wp-content\/uploads\/2023\/02\/Colourful-Products-20232395-1.pdf\">Hier geht es zur Katalog<\/a><\/p>\n<\/div><\/section>[\/vc_column][vc_column width=&#8221;1\/3&#8243;]<section class=\"shortcode-teaser img-full\"><div class=\"shortcode-teaser-img\"><a class=\"layzr-bg rollover\" href=\"https:\/\/hydrohuisman.nl\/wp-content\/uploads\/2024\/04\/catalogus2024-eu.pdf\" target=\"_blank\"><img loading=\"lazy\" decoding=\"async\" class=\"lazy-load\" src=\"data:image\/svg+xml;charset=utf-8,%3Csvg xmlns%3D&#039;http%3A%2F%2Fwww.w3.org%2F2000%2Fsvg&#039; viewBox%3D&#039;0 0 636 865&#039;%2F%3E\" width=\"636\" height=\"865\" data-srcset=\"https:\/\/hydrohuisman.nl\/wp-content\/uploads\/2024\/04\/Pottery-Pots-catalogus-2024-voorkant.png 636w\" data-src=\"https:\/\/hydrohuisman.nl\/wp-content\/uploads\/2024\/04\/Pottery-Pots-catalogus-2024-voorkant.png\" \/><\/a><\/div><div class=\"shortcode-teaser-content text-big\"><p><strong>Pottery Pots (2024)\u00a0<\/strong><br \/>\n<a href=\"\/wp-content\/uploads\/2022\/02\/Pottery-Pots_PP-NL-EU_withoutprice-compressed.pdf\" target=\"_blank\" rel=\"noopener\">Hier geht es zur Katalog<\/a><\/p>\n<\/div><\/section>[\/vc_column][vc_column width=&#8221;1\/3&#8243;]<section class=\"shortcode-teaser img-full\"><div class=\"shortcode-teaser-img\"><a class=\"layzr-bg rollover\" href=\"https:\/\/cloud.geobra.info\/ssf\/s\/readFile\/share\/40098\/-6421849140190131591\/publicLink\/240131_P0843_30833142_Haendlerkatalog_2024_NL_DIGITAL.pdf\" target=\"_blank\"><img loading=\"lazy\" decoding=\"async\" class=\"lazy-load\" src=\"data:image\/svg+xml;charset=utf-8,%3Csvg xmlns%3D&#039;http%3A%2F%2Fwww.w3.org%2F2000%2Fsvg&#039; viewBox%3D&#039;0 0 778 765&#039;%2F%3E\" width=\"778\" height=\"765\" data-srcset=\"https:\/\/hydrohuisman.nl\/wp-content\/uploads\/2024\/04\/Lechuza-catalogus-2024-voorkant.png 778w\" data-src=\"https:\/\/hydrohuisman.nl\/wp-content\/uploads\/2024\/04\/Lechuza-catalogus-2024-voorkant.png\" \/><\/a><\/div><div class=\"shortcode-teaser-content text-big\"><p><strong>Lechuza (Retailer Catalog) (2024)<\/strong><\/p>\n<p><a href=\"https:\/\/cloud.geobra.info\/ssf\/s\/readFile\/share\/40098\/-6421849140190131591\/publicLink\/240131_P0843_30833142_Haendlerkatalog_2024_NL_DIGITAL.pdf\">Hier geht es zur Katalog<\/a><\/p>\n<\/div><\/section>[\/vc_column][\/vc_row][vc_row][vc_column width=&#8221;1\/3&#8243;]<section class=\"shortcode-teaser img-full\"><div class=\"shortcode-teaser-img\"><a class=\"layzr-bg rollover\" href=\"https:\/\/hydrohuisman.nl\/wp-content\/uploads\/2024\/04\/Capi_Brochure-2024_LR.pdf\" target=\"_blank\"><img loading=\"lazy\" decoding=\"async\" class=\"lazy-load\" src=\"data:image\/svg+xml;charset=utf-8,%3Csvg xmlns%3D&#039;http%3A%2F%2Fwww.w3.org%2F2000%2Fsvg&#039; viewBox%3D&#039;0 0 588 835&#039;%2F%3E\" width=\"588\" height=\"835\" data-srcset=\"https:\/\/hydrohuisman.nl\/wp-content\/uploads\/2024\/04\/Capi-voorkant-2024.png 588w\" data-src=\"https:\/\/hydrohuisman.nl\/wp-content\/uploads\/2024\/04\/Capi-voorkant-2024.png\" \/><\/a><\/div><div class=\"shortcode-teaser-content text-big\"><p><strong>Capi Complete Catalog<\/strong><\/p>\n<p><a href=\"https:\/\/hydrohuisman.nl\/wp-content\/uploads\/2024\/04\/Capi_Brochure-2024_LR.pdf\">Hier geht es zur Katalog<\/a><\/p>\n<\/div><\/section>[\/vc_column][vc_column width=&#8221;1\/3&#8243;]<section class=\"shortcode-teaser img-full\"><div class=\"layzr-bg shortcode-teaser-img\"><img loading=\"lazy\" decoding=\"async\" class=\"lazy-load\" src=\"data:image\/svg+xml;charset=utf-8,%3Csvg xmlns%3D&#039;http%3A%2F%2Fwww.w3.org%2F2000%2Fsvg&#039; viewBox%3D&#039;0 0 906 906&#039;%2F%3E\" width=\"906\" height=\"906\" data-srcset=\"https:\/\/hydrohuisman.nl\/wp-content\/uploads\/2024\/05\/Superline-steel-catalogus-2017-voorkant.png 906w\" data-src=\"https:\/\/hydrohuisman.nl\/wp-content\/uploads\/2024\/05\/Superline-steel-catalogus-2017-voorkant.png\" \/><\/div><div class=\"shortcode-teaser-content text-big\"><p><strong>Superline Steel<\/strong><\/p>\n<p><a href=\"http:\/\/flowpaper.com\/flipbook\/?pdf=http:\/\/hydrohuisman.nl\/wp-content\/uploads\/2017\/02\/ENGLISH-Superline-sales-brochure-Hydro-Huisman.pdf?wp-hosted=1&amp;title=&amp;header=&amp;theme=&amp;thumbs=1&amp;modified=170810207%22%20seamless=%22seamless%22%3EYour%20browser%20does%20not%20seem%20to%20support%20iframes.%20%3Ca%20href=%22http:\/\/flowpaper.com\/flipbook\/?pdf=http:\/\/hydrohuisman.nl\/wp-content\/uploads\/2017\/02\/ENGLISH-Superline-sales-brochure-Hydro-Huisman.pdf?wp-hosted=1%22%20target=%22_blank%22%3EClick%20here%20to%20read%20this%20PDF%3C\/a%3E.%3C\/iframe%3E\">Hier geht es zur Katalog<\/a><\/p>\n<\/div><\/section>[\/vc_column][vc_column width=&#8221;1\/3&#8243;]<section class=\"shortcode-teaser img-full\"><div class=\"shortcode-teaser-img\"><a class=\"layzr-bg rollover\" href=\"http:\/\/flowpaper.com\/flipbook\/?pdf=http:\/\/hydrohuisman.nl\/wp-content\/uploads\/2017\/03\/Plantinum_HH_Natural_Catalog.pdf?wp-hosted=1&#038;title=&#038;header=&#038;theme=&#038;thumbs=1&#038;modified=170810207%22%20seamless=%22seamless%22%3EYour%20browser%20does%20not%20seem%20to%20support%20iframes.%20%3Ca%20href=%22http:\/\/flowpaper.com\/flipbook\/?pdf=http:\/\/hydrohuisman.nl\/wp-content\/uploads\/2017\/03\/Plantinum_HH_Natural_Catalog.pdf?wp-hosted=1%22%20target=%22_blank%22%3EClick%20here%20to%20read%20this%20PDF%3C\/a%3E.%3C\/iframe%3E\" target=\"_blank\"><img loading=\"lazy\" decoding=\"async\" class=\"lazy-load\" src=\"data:image\/svg+xml;charset=utf-8,%3Csvg xmlns%3D&#039;http%3A%2F%2Fwww.w3.org%2F2000%2Fsvg&#039; viewBox%3D&#039;0 0 786 786&#039;%2F%3E\" width=\"786\" height=\"786\" data-srcset=\"https:\/\/hydrohuisman.nl\/wp-content\/uploads\/2017\/08\/Natural-e1504704427757.png 786w\" data-src=\"https:\/\/hydrohuisman.nl\/wp-content\/uploads\/2017\/08\/Natural-e1504704427757.png\" \/><\/a><\/div><div class=\"shortcode-teaser-content text-big\"><p><strong>Plantinum Natural Catalog<\/strong><br \/>\n<a href=\"http:\/\/flowpaper.com\/flipbook\/?pdf=http:\/\/hydrohuisman.nl\/wp-content\/uploads\/2017\/03\/Plantinum_HH_Natural_Catalog.pdf?wp-hosted=1&amp;title=&amp;header=&amp;theme=&amp;thumbs=1&amp;modified=170810207%22%20seamless=%22seamless%22%3EYour%20browser%20does%20not%20seem%20to%20support%20iframes.%20%3Ca%20href=%22http:\/\/flowpaper.com\/flipbook\/?pdf=http:\/\/hydrohuisman.nl\/wp-content\/uploads\/2017\/03\/Plantinum_HH_Natural_Catalog.pdf?wp-hosted=1%22%20target=%22_blank%22%3EClick%20here%20to%20read%20this%20PDF%3C\/a%3E.%3C\/iframe%3E\">Hier geht es zur Katalog<\/a><\/p>\n<\/div><\/section>[\/vc_column][\/vc_row][vc_row][vc_column][vc_empty_space][vc_separator css=&#8221;&#8221;][vc_column_text css=&#8221;&#8221;]<\/p>\n<h3 style=\"text-align: left;\"><strong>\u00dcbrige Gef\u00e4sse<\/strong><\/h3>\n<p>[\/vc_column_text][\/vc_column][\/vc_row][vc_row][vc_column width=&#8221;1\/4&#8243;]<section class=\"shortcode-teaser img-full\"><div class=\"shortcode-teaser-img\"><a class=\"layzr-bg rollover\" href=\"\/wp-content\/uploads\/2019\/04\/Catalogus-2019.pdf\" target=\"_blank\"><img loading=\"lazy\" decoding=\"async\" class=\"lazy-load\" src=\"data:image\/svg+xml;charset=utf-8,%3Csvg xmlns%3D&#039;http%3A%2F%2Fwww.w3.org%2F2000%2Fsvg&#039; viewBox%3D&#039;0 0 730 481&#039;%2F%3E\" width=\"730\" height=\"481\" data-srcset=\"https:\/\/hydrohuisman.nl\/wp-content\/uploads\/2019\/04\/plantenbakken-thumb.png 730w\" data-src=\"https:\/\/hydrohuisman.nl\/wp-content\/uploads\/2019\/04\/plantenbakken-thumb.png\" \/><\/a><\/div><div class=\"shortcode-teaser-content text-big\"><p><strong>Vase The World Catalog<\/strong><br \/>\n<a id=\"vase_the_world_pdf\" href=\"\/wp-content\/uploads\/2017\/03\/Vase_The_World_Catalogus.pdf\">Hier geht es zur Katalog<\/a><\/p>\n<\/div><\/section>[\/vc_column][vc_column width=&#8221;1\/4&#8243;]<section class=\"shortcode-teaser img-full\"><div class=\"shortcode-teaser-img\"><a class=\"layzr-bg rollover\" href=\"https:\/\/www.potterypots.nl\/Documents\/files\/catalogue\/2019_catalogue_EU.pdf\" target=\"_blank\"><img loading=\"lazy\" decoding=\"async\" class=\"lazy-load\" src=\"data:image\/svg+xml;charset=utf-8,%3Csvg xmlns%3D&#039;http%3A%2F%2Fwww.w3.org%2F2000%2Fsvg&#039; viewBox%3D&#039;0 0 752 994&#039;%2F%3E\" width=\"752\" height=\"994\" data-srcset=\"https:\/\/hydrohuisman.nl\/wp-content\/uploads\/2019\/04\/Potterij-and-pots.png 752w\" data-src=\"https:\/\/hydrohuisman.nl\/wp-content\/uploads\/2019\/04\/Potterij-and-pots.png\" \/><\/a><\/div><div class=\"shortcode-teaser-content text-big\"><p><strong>Pottery Pots Catalog<\/strong><br \/>\n<a href=\"https:\/\/www.potterypots.nl\/Documents\/files\/catalogue\/2019_catalogue_EU.pdf\">Hier geht es zur Katalog<\/a><\/p>\n<\/div><\/section>[\/vc_column][vc_column width=&#8221;1\/4&#8243;]<section class=\"shortcode-teaser img-full\"><div class=\"shortcode-teaser-img\"><a class=\"layzr-bg rollover\" href=\"https:\/\/www.fleur-ami.com\/blog\/service\/katalog\/fleur-ami-katalog-2019\/\" target=\"_blank\"><img loading=\"lazy\" decoding=\"async\" class=\"lazy-load\" src=\"data:image\/svg+xml;charset=utf-8,%3Csvg xmlns%3D&#039;http%3A%2F%2Fwww.w3.org%2F2000%2Fsvg&#039; viewBox%3D&#039;0 0 462 680&#039;%2F%3E\" width=\"462\" height=\"680\" data-srcset=\"https:\/\/hydrohuisman.nl\/wp-content\/uploads\/2019\/09\/Hydro.png 462w\" data-src=\"https:\/\/hydrohuisman.nl\/wp-content\/uploads\/2019\/09\/Hydro.png\" \/><\/a><\/div><div class=\"shortcode-teaser-content text-big\"><p><strong>Fleur Ami Catalog<\/strong><br \/>\n<a href=\"https:\/\/www.fleur-ami.com\/blog\/service\/katalog\/fleur-ami-katalog-2019\/\">Hier geht es zur Katalog<\/a><\/p>\n<\/div><\/section>[\/vc_column][vc_column width=&#8221;1\/4&#8243;]<section class=\"shortcode-teaser img-full\"><div class=\"shortcode-teaser-img\"><a class=\"layzr-bg rollover\" href=\"https:\/\/hydrohuisman.nl\/wp-content\/uploads\/2019\/08\/ELHOLOFT.png\" target=\"_blank\"><img loading=\"lazy\" decoding=\"async\" class=\"lazy-load\" src=\"data:image\/svg+xml;charset=utf-8,%3Csvg xmlns%3D&#039;http%3A%2F%2Fwww.w3.org%2F2000%2Fsvg&#039; viewBox%3D&#039;0 0 341 533&#039;%2F%3E\" width=\"341\" height=\"533\" data-srcset=\"https:\/\/hydrohuisman.nl\/wp-content\/uploads\/2019\/08\/ELHOLOFT.png 341w\" data-src=\"https:\/\/hydrohuisman.nl\/wp-content\/uploads\/2019\/08\/ELHOLOFT.png\" \/><\/a><\/div><div class=\"shortcode-teaser-content text-big\"><p><strong>Elho loft Catalog<\/strong><br \/>\n<a href=\"https:\/\/hydrohuisman.nl\/wp-content\/uploads\/2019\/08\/Loft-consumer-magazine-german-DU_LR.pdf\">Hier geht es zur Katalog<\/a><\/p>\n<\/div><\/section>[\/vc_column][\/vc_row]<\/p>\n<\/div>","protected":false},"excerpt":{"rendered":"<p>[vc_row][vc_column][vc_empty_space height=&#8221;15px&#8221;][vc_column_text css=&#8221;&#8221;] Hier finden Sie die Pflanzgef\u00e4\u00dfe Palette von Hydro Huisman. Diese Produkte sind auf Lager und somit sofort verf\u00fcgbar. Bitte kontaktieren Sie uns f\u00fcr weitere Fragen. [\/vc_column_text][\/vc_column][\/vc_row][vc_row][vc_column width=&#8221;1\/3&#8243;][\/vc_column][vc_column width=&#8221;1\/3&#8243;][\/vc_column][vc_column width=&#8221;1\/3&#8243;][\/vc_column][\/vc_row][vc_row][vc_column width=&#8221;1\/3&#8243;][\/vc_column][vc_column width=&#8221;1\/3&#8243;][\/vc_column][vc_column width=&#8221;1\/3&#8243;][\/vc_column][\/vc_row][vc_row][vc_column width=&#8221;1\/3&#8243;][\/vc_column][vc_column width=&#8221;1\/3&#8243;][\/vc_column][vc_column width=&#8221;1\/3&#8243;][\/vc_column][\/vc_row][vc_row][vc_column][vc_empty_space][vc_separator css=&#8221;&#8221;][vc_column_text css=&#8221;&#8221;] \u00dcbrige Gef\u00e4sse [\/vc_column_text][\/vc_column][\/vc_row][vc_row][vc_column width=&#8221;1\/4&#8243;][\/vc_column][vc_column width=&#8221;1\/4&#8243;][\/vc_column][vc_column width=&#8221;1\/4&#8243;][\/vc_column][vc_column width=&#8221;1\/4&#8243;][\/vc_column][\/vc_row]<\/p>\n","protected":false},"author":4,"featured_media":0,"parent":1976,"menu_order":8,"comment_status":"closed","ping_status":"closed","template":"","meta":{"_monsterinsights_skip_tracking":false,"_monsterinsights_sitenote_active":false,"_monsterinsights_sitenote_note":"","_monsterinsights_sitenote_category":0,"footnotes":""},"class_list":["post-1972","page","type-page","status-publish","hentry","description-off"],"yoast_head":"<!-- This site is optimized with the Yoast SEO plugin v27.4 - https:\/\/yoast.com\/product\/yoast-seo-wordpress\/ -->\n<title>Pflanzgef\u00e4sse Serie - Hydro Huisman<\/title>\n<meta name=\"description\" content=\"Hier finden Sie die Premium Pflanzgef\u00e4\u00dfe Palette von Hydro Huisman. Diese Produkte sind auf Lager und somit sofort verf\u00fcgbar.\" \/>\n<meta name=\"robots\" content=\"index, follow, max-snippet:-1, max-image-preview:large, max-video-preview:-1\" \/>\n<link rel=\"canonical\" href=\"https:\/\/hydrohuisman.nl\/de\/producten\/pflanzgefaesse\/\" \/>\n<meta property=\"og:locale\" content=\"de_DE\" \/>\n<meta property=\"og:type\" content=\"article\" \/>\n<meta property=\"og:title\" content=\"Pflanzgef\u00e4sse Serie - Hydro Huisman\" \/>\n<meta property=\"og:description\" content=\"Hier finden Sie die Premium Pflanzgef\u00e4\u00dfe Palette von Hydro Huisman. Diese Produkte sind auf Lager und somit sofort verf\u00fcgbar.\" \/>\n<meta property=\"og:url\" content=\"https:\/\/hydrohuisman.nl\/de\/producten\/pflanzgefaesse\/\" \/>\n<meta property=\"og:site_name\" content=\"Hydro Huisman\" \/>\n<meta property=\"article:publisher\" content=\"https:\/\/www.facebook.com\/Hydro-Huisman-100939455416548\" \/>\n<meta property=\"article:modified_time\" content=\"2024-05-17T11:20:37+00:00\" \/>\n<meta property=\"og:image\" content=\"https:\/\/hydrohuisman.nl\/wp-content\/uploads\/2021\/08\/Hydro-Huisman-embleem-sRGB-200x200px_400x400-1.png\" \/>\n\t<meta property=\"og:image:width\" content=\"400\" \/>\n\t<meta property=\"og:image:height\" content=\"400\" \/>\n\t<meta property=\"og:image:type\" content=\"image\/png\" \/>\n<meta name=\"twitter:card\" content=\"summary_large_image\" \/>\n<meta name=\"twitter:site\" content=\"@hydrohuisman\" \/>\n<meta name=\"twitter:label1\" content=\"Gesch\u00e4tzte Lesezeit\" \/>\n\t<meta name=\"twitter:data1\" content=\"4\u00a0Minuten\" \/>\n<!-- \/ Yoast SEO plugin. -->","yoast_head_json":{"title":"Pflanzgef\u00e4sse Serie - Hydro Huisman","description":"Hier finden Sie die Premium Pflanzgef\u00e4\u00dfe Palette von Hydro Huisman. Diese Produkte sind auf Lager und somit sofort verf\u00fcgbar.","robots":{"index":"index","follow":"follow","max-snippet":"max-snippet:-1","max-image-preview":"max-image-preview:large","max-video-preview":"max-video-preview:-1"},"canonical":"https:\/\/hydrohuisman.nl\/de\/producten\/pflanzgefaesse\/","og_locale":"de_DE","og_type":"article","og_title":"Pflanzgef\u00e4sse Serie - Hydro Huisman","og_description":"Hier finden Sie die Premium Pflanzgef\u00e4\u00dfe Palette von Hydro Huisman. Diese Produkte sind auf Lager und somit sofort verf\u00fcgbar.","og_url":"https:\/\/hydrohuisman.nl\/de\/producten\/pflanzgefaesse\/","og_site_name":"Hydro Huisman","article_publisher":"https:\/\/www.facebook.com\/Hydro-Huisman-100939455416548","article_modified_time":"2024-05-17T11:20:37+00:00","og_image":[{"width":400,"height":400,"url":"https:\/\/hydrohuisman.nl\/wp-content\/uploads\/2021\/08\/Hydro-Huisman-embleem-sRGB-200x200px_400x400-1.png","type":"image\/png"}],"twitter_card":"summary_large_image","twitter_site":"@hydrohuisman","twitter_misc":{"Gesch\u00e4tzte Lesezeit":"4\u00a0Minuten"},"schema":{"@context":"https:\/\/schema.org","@graph":[{"@type":"WebPage","@id":"https:\/\/hydrohuisman.nl\/de\/producten\/pflanzgefaesse\/","url":"https:\/\/hydrohuisman.nl\/de\/producten\/pflanzgefaesse\/","name":"Pflanzgef\u00e4sse Serie - Hydro Huisman","isPartOf":{"@id":"https:\/\/hydrohuisman.nl\/de\/#website"},"datePublished":"2017-03-07T08:49:51+00:00","dateModified":"2024-05-17T11:20:37+00:00","description":"Hier finden Sie die Premium Pflanzgef\u00e4\u00dfe Palette von Hydro Huisman. Diese Produkte sind auf Lager und somit sofort verf\u00fcgbar.","breadcrumb":{"@id":"https:\/\/hydrohuisman.nl\/de\/producten\/pflanzgefaesse\/#breadcrumb"},"inLanguage":"de","potentialAction":[{"@type":"ReadAction","target":["https:\/\/hydrohuisman.nl\/de\/producten\/pflanzgefaesse\/"]}]},{"@type":"BreadcrumbList","@id":"https:\/\/hydrohuisman.nl\/de\/producten\/pflanzgefaesse\/#breadcrumb","itemListElement":[{"@type":"ListItem","position":1,"name":"Home","item":"https:\/\/hydrohuisman.nl\/de\/"},{"@type":"ListItem","position":2,"name":"Produkten","item":"https:\/\/hydrohuisman.nl\/de\/producten\/"},{"@type":"ListItem","position":3,"name":"Pflanzgef\u00e4sse Serie"}]},{"@type":"WebSite","@id":"https:\/\/hydrohuisman.nl\/de\/#website","url":"https:\/\/hydrohuisman.nl\/de\/","name":"Hydro Huisman","description":"Specialist in Hydrocultuur","publisher":{"@id":"https:\/\/hydrohuisman.nl\/de\/#organization"},"potentialAction":[{"@type":"SearchAction","target":{"@type":"EntryPoint","urlTemplate":"https:\/\/hydrohuisman.nl\/de\/?s={search_term_string}"},"query-input":{"@type":"PropertyValueSpecification","valueRequired":true,"valueName":"search_term_string"}}],"inLanguage":"de"},{"@type":"Organization","@id":"https:\/\/hydrohuisman.nl\/de\/#organization","name":"Hydro Huisman","url":"https:\/\/hydrohuisman.nl\/de\/","logo":{"@type":"ImageObject","inLanguage":"de","@id":"https:\/\/hydrohuisman.nl\/de\/#\/schema\/logo\/image\/","url":"https:\/\/hydrohuisman.nl\/wp-content\/uploads\/2016\/11\/hydrohuismanlogo.png","contentUrl":"https:\/\/hydrohuisman.nl\/wp-content\/uploads\/2016\/11\/hydrohuismanlogo.png","width":493,"height":80,"caption":"Hydro Huisman"},"image":{"@id":"https:\/\/hydrohuisman.nl\/de\/#\/schema\/logo\/image\/"},"sameAs":["https:\/\/www.facebook.com\/Hydro-Huisman-100939455416548","https:\/\/x.com\/hydrohuisman","https:\/\/www.linkedin.com\/company\/hydro-huisman"]}]}},"_links":{"self":[{"href":"https:\/\/hydrohuisman.nl\/de\/wp-json\/wp\/v2\/pages\/1972","targetHints":{"allow":["GET"]}}],"collection":[{"href":"https:\/\/hydrohuisman.nl\/de\/wp-json\/wp\/v2\/pages"}],"about":[{"href":"https:\/\/hydrohuisman.nl\/de\/wp-json\/wp\/v2\/types\/page"}],"author":[{"embeddable":true,"href":"https:\/\/hydrohuisman.nl\/de\/wp-json\/wp\/v2\/users\/4"}],"replies":[{"embeddable":true,"href":"https:\/\/hydrohuisman.nl\/de\/wp-json\/wp\/v2\/comments?post=1972"}],"version-history":[{"count":5,"href":"https:\/\/hydrohuisman.nl\/de\/wp-json\/wp\/v2\/pages\/1972\/revisions"}],"predecessor-version":[{"id":6471,"href":"https:\/\/hydrohuisman.nl\/de\/wp-json\/wp\/v2\/pages\/1972\/revisions\/6471"}],"up":[{"embeddable":true,"href":"https:\/\/hydrohuisman.nl\/de\/wp-json\/wp\/v2\/pages\/1976"}],"wp:attachment":[{"href":"https:\/\/hydrohuisman.nl\/de\/wp-json\/wp\/v2\/media?parent=1972"}],"curies":[{"name":"wp","href":"https:\/\/api.w.org\/{rel}","templated":true}]}}