{"id":1950,"date":"2017-03-07T09:43:36","date_gmt":"2017-03-07T08:43:36","guid":{"rendered":"http:\/\/hydrohuisman.nl\/?page_id=1950"},"modified":"2019-04-16T09:01:30","modified_gmt":"2019-04-16T07:01:30","slug":"gruene-waende","status":"publish","type":"page","link":"https:\/\/hydrohuisman.nl\/de\/producten\/gruene-waende\/","title":{"rendered":"Gr\u00fcne W\u00e4nde"},"content":{"rendered":"<div class=\"wpb-content-wrapper\"><p>[vc_row][vc_column][vc_column_text]<\/p>\n<p style=\"text-align: center;\"><strong>\u201eGr\u00fcne W\u00e4nde\u201c geh\u00f6ren zu den gr\u00fcnen Trends des Augenblicks.\u00a0Hydro Huisman-Angebote enthalten die verschiedensten L\u00f6sungen. <\/strong><strong>Bitte kontaktieren Sie uns f\u00fcr weitere Fragen.<\/strong><\/p>\n<p>[\/vc_column_text][\/vc_column][\/vc_row][vc_row][vc_column width=&#8221;1\/3&#8243;]<section class=\"shortcode-teaser img-full\"><div class=\"shortcode-teaser-img\"><a class=\"layzr-bg rollover\" href=\"http:\/\/flowpaper.com\/flipbook\/?pdf=http:\/\/hydrohuisman.nl\/wp-content\/uploads\/2017\/03\/Mobilane_LiveBrochure.pdf?wp-hosted=1&#038;title=&#038;header=&#038;theme=&#038;thumbs=1&#038;modified=1707251022%22%20seamless=%22seamless%22%3EYour%20browser%20does%20not%20seem%20to%20support%20iframes.%20%3Ca%20href=%22http:\/\/flowpaper.com\/flipbook\/?pdf=http:\/\/hydrohuisman.nl\/wp-content\/uploads\/2017\/03\/Mobilane_LiveBrochure.pdf?wp-hosted=1%22%20target=%22_blank%22%3EClick%20here%20to%20read%20this%20PDF%3C\/a%3E.%3C\/iframe%3E\" target=\"_blank\"><img loading=\"lazy\" decoding=\"async\" class=\"lazy-load\" src=\"data:image\/svg+xml;charset=utf-8,%3Csvg xmlns%3D&#039;http%3A%2F%2Fwww.w3.org%2F2000%2Fsvg&#039; viewBox%3D&#039;0 0 1237 949&#039;%2F%3E\" width=\"1237\" height=\"949\" alt=\"Power of Plants\" data-srcset=\"https:\/\/hydrohuisman.nl\/wp-content\/uploads\/2017\/03\/mobile-livebrochure.png 1237w\" data-src=\"https:\/\/hydrohuisman.nl\/wp-content\/uploads\/2017\/03\/mobile-livebrochure.png\" \/><\/a><\/div><div class=\"shortcode-teaser-content text-big\"><p><strong>Mobilane<\/strong><br \/>\n<a href=\"http:\/\/flowpaper.com\/flipbook\/?pdf=http:\/\/hydrohuisman.nl\/wp-content\/uploads\/2017\/03\/Mobilane_LiveBrochure.pdf?wp-hosted=1&amp;title=&amp;header=&amp;theme=&amp;thumbs=1&amp;modified=1707251022%22%20seamless=%22seamless%22%3EYour%20browser%20does%20not%20seem%20to%20support%20iframes.%20%3Ca%20href=%22http:\/\/flowpaper.com\/flipbook\/?pdf=http:\/\/hydrohuisman.nl\/wp-content\/uploads\/2017\/03\/Mobilane_LiveBrochure.pdf?wp-hosted=1%22%20target=%22_blank%22%3EClick%20here%20to%20read%20this%20PDF%3C\/a%3E.%3C\/iframe%3E\">Hier geht es zur Katalog<\/a><\/p>\n<\/div><\/section>[\/vc_column][vc_column width=&#8221;1\/3&#8243;]<section class=\"shortcode-teaser img-full\"><div class=\"shortcode-teaser-img\"><a class=\"layzr-bg rollover\" href=\"http:\/\/flowpaper.com\/flipbook\/?pdf=https:\/\/hydrohuisman.nl\/wp-content\/uploads\/2018\/03\/Plantenwand_J.pdf?wp-hosted=1&#038;title=&#038;header=&#038;theme=&#038;thumbs=1&#038;modified=1707251022%22%20seamless=%22seamless%22%3EYour%20browser%20does%20not%20seem%20to%20support%20iframes.%20%3Ca%20href=%22http:\/\/flowpaper.com\/flipbook\/?pdf=https:\/\/hydrohuisman.nl\/wp-content\/uploads\/2018\/03\/Plantenwand_J.pdf?wp-hosted=1%22%20target=%22_blank%22%3EClick%20here%20to%20read%20this%20PDF%3C\/a%3E.%3C\/iframe%3E\" target=\"_blank\"><img loading=\"lazy\" decoding=\"async\" class=\"lazy-load\" src=\"data:image\/svg+xml;charset=utf-8,%3Csvg xmlns%3D&#039;http%3A%2F%2Fwww.w3.org%2F2000%2Fsvg&#039; viewBox%3D&#039;0 0 265 203&#039;%2F%3E\" width=\"265\" height=\"203\" data-srcset=\"https:\/\/hydrohuisman.nl\/wp-content\/uploads\/2018\/03\/2.jpg 265w\" data-src=\"https:\/\/hydrohuisman.nl\/wp-content\/uploads\/2018\/03\/2.jpg\" \/><\/a><\/div><div class=\"shortcode-teaser-content text-big\"><p><strong>Mobile Green Wall<\/strong><br \/>\n<a href=\"https:\/\/hydrohuisman.nl\/wp-content\/uploads\/2018\/03\/Plantenwand_J.pdf?wp-hosted=1&amp;title=&amp;header=&amp;theme=&amp;thumbs=1&amp;modified=1707251022%22%20seamless=%22seamless%22%3EYour%20browser%20does%20not%20seem%20to%20support%20iframes.%20%3Ca%20href=%22http:\/\/flowpaper.com\/flipbook\/?pdf=https:\/\/hydrohuisman.nl\/wp-content\/uploads\/2018\/03\/Plantenwand_J.pdf?wp-hosted=1%22%20target=%22_blank%22%3EClick%20here%20to%20read%20this%20PDF%3C\/a%3E.%3C\/iframe%3E\">Hier geht es zur Katalog<\/a><\/p>\n<\/div><\/section>[\/vc_column][vc_column width=&#8221;1\/3&#8243;][\/vc_column][\/vc_row]<\/p>\n<\/div>","protected":false},"excerpt":{"rendered":"<p>[vc_row][vc_column][vc_column_text] \u201eGr\u00fcne W\u00e4nde\u201c geh\u00f6ren zu den gr\u00fcnen Trends des Augenblicks.\u00a0Hydro Huisman-Angebote enthalten die verschiedensten L\u00f6sungen. Bitte kontaktieren Sie uns f\u00fcr weitere Fragen. [\/vc_column_text][\/vc_column][\/vc_row][vc_row][vc_column width=&#8221;1\/3&#8243;][\/vc_column][vc_column width=&#8221;1\/3&#8243;][\/vc_column][vc_column width=&#8221;1\/3&#8243;][\/vc_column][\/vc_row]<\/p>\n","protected":false},"author":4,"featured_media":0,"parent":1976,"menu_order":0,"comment_status":"closed","ping_status":"closed","template":"","meta":{"_monsterinsights_skip_tracking":false,"_monsterinsights_sitenote_active":false,"_monsterinsights_sitenote_note":"","_monsterinsights_sitenote_category":0,"footnotes":""},"class_list":["post-1950","page","type-page","status-publish","hentry","description-off"],"yoast_head":"<!-- This site is optimized with the Yoast SEO plugin v27.4 - https:\/\/yoast.com\/product\/yoast-seo-wordpress\/ -->\n<title>Gr\u00fcne W\u00e4nde - Hydro Huisman<\/title>\n<meta name=\"description\" content=\"\u201eGr\u00fcne W\u00e4nde\u201c geh\u00f6ren zu den gr\u00fcnen Trends des Augenblicks. Hydro Huisman-Angebote enthalten die verschiedensten L\u00f6sungen.\" \/>\n<meta name=\"robots\" content=\"index, follow, max-snippet:-1, max-image-preview:large, max-video-preview:-1\" \/>\n<link rel=\"canonical\" href=\"https:\/\/hydrohuisman.nl\/de\/producten\/gruene-waende\/\" \/>\n<meta property=\"og:locale\" content=\"de_DE\" \/>\n<meta property=\"og:type\" content=\"article\" \/>\n<meta property=\"og:title\" content=\"Gr\u00fcne W\u00e4nde - Hydro Huisman\" \/>\n<meta property=\"og:description\" content=\"\u201eGr\u00fcne W\u00e4nde\u201c geh\u00f6ren zu den gr\u00fcnen Trends des Augenblicks. Hydro Huisman-Angebote enthalten die verschiedensten L\u00f6sungen.\" \/>\n<meta property=\"og:url\" content=\"https:\/\/hydrohuisman.nl\/de\/producten\/gruene-waende\/\" \/>\n<meta property=\"og:site_name\" content=\"Hydro Huisman\" \/>\n<meta property=\"article:publisher\" content=\"https:\/\/www.facebook.com\/Hydro-Huisman-100939455416548\" \/>\n<meta property=\"article:modified_time\" content=\"2019-04-16T07:01:30+00:00\" \/>\n<meta property=\"og:image\" content=\"https:\/\/hydrohuisman.nl\/wp-content\/uploads\/2021\/08\/Hydro-Huisman-embleem-sRGB-200x200px_400x400-1.png\" \/>\n\t<meta property=\"og:image:width\" content=\"400\" \/>\n\t<meta property=\"og:image:height\" content=\"400\" \/>\n\t<meta property=\"og:image:type\" content=\"image\/png\" \/>\n<meta name=\"twitter:card\" content=\"summary_large_image\" \/>\n<meta name=\"twitter:site\" content=\"@hydrohuisman\" \/>\n<meta name=\"twitter:label1\" content=\"Gesch\u00e4tzte Lesezeit\" \/>\n\t<meta name=\"twitter:data1\" content=\"1\u00a0Minute\" \/>\n<!-- \/ Yoast SEO plugin. -->","yoast_head_json":{"title":"Gr\u00fcne W\u00e4nde - Hydro Huisman","description":"\u201eGr\u00fcne W\u00e4nde\u201c geh\u00f6ren zu den gr\u00fcnen Trends des Augenblicks. Hydro Huisman-Angebote enthalten die verschiedensten L\u00f6sungen.","robots":{"index":"index","follow":"follow","max-snippet":"max-snippet:-1","max-image-preview":"max-image-preview:large","max-video-preview":"max-video-preview:-1"},"canonical":"https:\/\/hydrohuisman.nl\/de\/producten\/gruene-waende\/","og_locale":"de_DE","og_type":"article","og_title":"Gr\u00fcne W\u00e4nde - Hydro Huisman","og_description":"\u201eGr\u00fcne W\u00e4nde\u201c geh\u00f6ren zu den gr\u00fcnen Trends des Augenblicks. Hydro Huisman-Angebote enthalten die verschiedensten L\u00f6sungen.","og_url":"https:\/\/hydrohuisman.nl\/de\/producten\/gruene-waende\/","og_site_name":"Hydro Huisman","article_publisher":"https:\/\/www.facebook.com\/Hydro-Huisman-100939455416548","article_modified_time":"2019-04-16T07:01:30+00:00","og_image":[{"width":400,"height":400,"url":"https:\/\/hydrohuisman.nl\/wp-content\/uploads\/2021\/08\/Hydro-Huisman-embleem-sRGB-200x200px_400x400-1.png","type":"image\/png"}],"twitter_card":"summary_large_image","twitter_site":"@hydrohuisman","twitter_misc":{"Gesch\u00e4tzte Lesezeit":"1\u00a0Minute"},"schema":{"@context":"https:\/\/schema.org","@graph":[{"@type":"WebPage","@id":"https:\/\/hydrohuisman.nl\/de\/producten\/gruene-waende\/","url":"https:\/\/hydrohuisman.nl\/de\/producten\/gruene-waende\/","name":"Gr\u00fcne W\u00e4nde - Hydro Huisman","isPartOf":{"@id":"https:\/\/hydrohuisman.nl\/de\/#website"},"datePublished":"2017-03-07T08:43:36+00:00","dateModified":"2019-04-16T07:01:30+00:00","description":"\u201eGr\u00fcne W\u00e4nde\u201c geh\u00f6ren zu den gr\u00fcnen Trends des Augenblicks. Hydro Huisman-Angebote enthalten die verschiedensten L\u00f6sungen.","breadcrumb":{"@id":"https:\/\/hydrohuisman.nl\/de\/producten\/gruene-waende\/#breadcrumb"},"inLanguage":"de","potentialAction":[{"@type":"ReadAction","target":["https:\/\/hydrohuisman.nl\/de\/producten\/gruene-waende\/"]}]},{"@type":"BreadcrumbList","@id":"https:\/\/hydrohuisman.nl\/de\/producten\/gruene-waende\/#breadcrumb","itemListElement":[{"@type":"ListItem","position":1,"name":"Home","item":"https:\/\/hydrohuisman.nl\/de\/"},{"@type":"ListItem","position":2,"name":"Produkten","item":"https:\/\/hydrohuisman.nl\/de\/producten\/"},{"@type":"ListItem","position":3,"name":"Gr\u00fcne W\u00e4nde"}]},{"@type":"WebSite","@id":"https:\/\/hydrohuisman.nl\/de\/#website","url":"https:\/\/hydrohuisman.nl\/de\/","name":"Hydro Huisman","description":"Specialist in Hydrocultuur","publisher":{"@id":"https:\/\/hydrohuisman.nl\/de\/#organization"},"potentialAction":[{"@type":"SearchAction","target":{"@type":"EntryPoint","urlTemplate":"https:\/\/hydrohuisman.nl\/de\/?s={search_term_string}"},"query-input":{"@type":"PropertyValueSpecification","valueRequired":true,"valueName":"search_term_string"}}],"inLanguage":"de"},{"@type":"Organization","@id":"https:\/\/hydrohuisman.nl\/de\/#organization","name":"Hydro Huisman","url":"https:\/\/hydrohuisman.nl\/de\/","logo":{"@type":"ImageObject","inLanguage":"de","@id":"https:\/\/hydrohuisman.nl\/de\/#\/schema\/logo\/image\/","url":"https:\/\/hydrohuisman.nl\/wp-content\/uploads\/2016\/11\/hydrohuismanlogo.png","contentUrl":"https:\/\/hydrohuisman.nl\/wp-content\/uploads\/2016\/11\/hydrohuismanlogo.png","width":493,"height":80,"caption":"Hydro Huisman"},"image":{"@id":"https:\/\/hydrohuisman.nl\/de\/#\/schema\/logo\/image\/"},"sameAs":["https:\/\/www.facebook.com\/Hydro-Huisman-100939455416548","https:\/\/x.com\/hydrohuisman","https:\/\/www.linkedin.com\/company\/hydro-huisman"]}]}},"_links":{"self":[{"href":"https:\/\/hydrohuisman.nl\/de\/wp-json\/wp\/v2\/pages\/1950","targetHints":{"allow":["GET"]}}],"collection":[{"href":"https:\/\/hydrohuisman.nl\/de\/wp-json\/wp\/v2\/pages"}],"about":[{"href":"https:\/\/hydrohuisman.nl\/de\/wp-json\/wp\/v2\/types\/page"}],"author":[{"embeddable":true,"href":"https:\/\/hydrohuisman.nl\/de\/wp-json\/wp\/v2\/users\/4"}],"replies":[{"embeddable":true,"href":"https:\/\/hydrohuisman.nl\/de\/wp-json\/wp\/v2\/comments?post=1950"}],"version-history":[{"count":5,"href":"https:\/\/hydrohuisman.nl\/de\/wp-json\/wp\/v2\/pages\/1950\/revisions"}],"predecessor-version":[{"id":4431,"href":"https:\/\/hydrohuisman.nl\/de\/wp-json\/wp\/v2\/pages\/1950\/revisions\/4431"}],"up":[{"embeddable":true,"href":"https:\/\/hydrohuisman.nl\/de\/wp-json\/wp\/v2\/pages\/1976"}],"wp:attachment":[{"href":"https:\/\/hydrohuisman.nl\/de\/wp-json\/wp\/v2\/media?parent=1950"}],"curies":[{"name":"wp","href":"https:\/\/api.w.org\/{rel}","templated":true}]}}