{"id":1923,"date":"2017-03-06T16:28:56","date_gmt":"2017-03-06T15:28:56","guid":{"rendered":"http:\/\/hydrohuisman.nl\/?page_id=1923"},"modified":"2024-05-24T09:34:11","modified_gmt":"2024-05-24T07:34:11","slug":"warum-hydro-huisman","status":"publish","type":"page","link":"https:\/\/hydrohuisman.nl\/de\/warum-hydro-huisman\/","title":{"rendered":"Warum Hydro Huisman"},"content":{"rendered":"<div class=\"wpb-content-wrapper\"><p>[vc_row margin_bottom=&#8221;35&#8243;][vc_column][vc_empty_space]<div id=\"ultimate-heading-651369f71d09eed10\" class=\"uvc-heading ult-adjust-bottom-margin ultimate-heading-651369f71d09eed10 uvc-6704 \" data-hspacer=\"no_spacer\"  data-halign=\"left\" style=\"text-align:left\"><div class=\"uvc-heading-spacer no_spacer\" style=\"top\"><\/div><div class=\"uvc-main-heading ult-responsive\"  data-ultimate-target='.uvc-heading.ultimate-heading-651369f71d09eed10 h3'  data-responsive-json-new='{\"font-size\":\"desktop:20px;\",\"line-height\":\"\"}' ><h3 style=\"--font-weight:theme;margin-bottom:20px;\">Seit \u00fcber 30 Jahren Ihr kompetenter Partner f\u00fcr Begr\u00fcnungsobjekte in Europa und dar\u00fcber hinaus<\/h3><\/div><\/div>[vc_column_text]Wir bedienen das gesamte \u201cgr\u00fcne Projekt\u201d. Mit unserem pers\u00f6nlichen Einsatz nehmen wir R\u00fccksicht auf die Bed\u00fcrfnisse und Anforderungen unserer Kunden. Wir suchen pers\u00f6nlich die h\u00f6chste Qualit\u00e4t der Pflanzen aus. Aufgrund der hohen Umschlagsgeschwindigkeit k\u00f6nnen wir permanent die beste Qualit\u00e4t sicherstellen.[\/vc_column_text][\/vc_column][\/vc_row][vc_row type=&#8221;vc_default&#8221; css=&#8221;.vc_custom_1474218751979{padding-bottom: 50px !important;}&#8221;][vc_column width=&#8221;1\/2&#8243; css=&#8221;.vc_custom_1474218695724{padding-bottom: 30px !important;}&#8221;]<div class=\"standard-arrow bullet-top\"><p><strong>Wir unterscheiden uns durch:<\/strong><\/p>\n<ul>\n<li>\u00dcber 25 Jahre Erfahrung in der Umsetzung \u201cgr\u00fcner\u201d Landschaftsprojekte.<\/li>\n<li>Umfangreiches Fachwissen auf dem Gebiet der Hydrokultur.<\/li>\n<li>Pers\u00f6nlicher Service, den ein Familienunternehmen bietet.<\/li>\n<li>L\u00f6sungsorientiertes Denken f\u00fcr Ihren Kunden.<\/li>\n<li>Innovatives und komplettes Produktangebot.<\/li>\n<li>Sehr gutes Netzwerk von Lieferanten und Partnern.<\/li>\n<li>Wettbewerbsf\u00e4hige Preisgestaltung.<\/li>\n<li>Hochwertiger Transportdienst in Europa und dar\u00fcber hinaus.<\/li>\n<\/ul>\n<\/div>[vc_empty_space height=&#8221;15px&#8221;][\/vc_column][vc_column width=&#8221;1\/2&#8243; css=&#8221;.vc_custom_1474218736735{padding-bottom: 30px !important;}&#8221; offset=&#8221;vc_hidden-xs&#8221;][vc_single_image image=&#8221;1574&#8243; img_size=&#8221;700&#215;400&#8243;][\/vc_column][\/vc_row]<\/p>\n<\/div>","protected":false},"excerpt":{"rendered":"<p>[vc_row margin_bottom=&#8221;35&#8243;][vc_column][vc_empty_space][vc_column_text]Wir bedienen das gesamte \u201cgr\u00fcne Projekt\u201d. Mit unserem pers\u00f6nlichen Einsatz nehmen wir R\u00fccksicht auf die Bed\u00fcrfnisse und Anforderungen unserer Kunden. Wir suchen pers\u00f6nlich die h\u00f6chste Qualit\u00e4t der Pflanzen aus. Aufgrund der hohen Umschlagsgeschwindigkeit k\u00f6nnen wir permanent die beste Qualit\u00e4t sicherstellen.[\/vc_column_text][\/vc_column][\/vc_row][vc_row type=&#8221;vc_default&#8221; css=&#8221;.vc_custom_1474218751979{padding-bottom: 50px !important;}&#8221;][vc_column width=&#8221;1\/2&#8243; css=&#8221;.vc_custom_1474218695724{padding-bottom: 30px !important;}&#8221;][vc_empty_space height=&#8221;15px&#8221;][\/vc_column][vc_column width=&#8221;1\/2&#8243; css=&#8221;.vc_custom_1474218736735{padding-bottom: 30px !important;}&#8221; offset=&#8221;vc_hidden-xs&#8221;][vc_single_image&hellip;<\/p>\n","protected":false},"author":4,"featured_media":0,"parent":0,"menu_order":3,"comment_status":"closed","ping_status":"closed","template":"","meta":{"_monsterinsights_skip_tracking":false,"_monsterinsights_sitenote_active":false,"_monsterinsights_sitenote_note":"","_monsterinsights_sitenote_category":0,"footnotes":""},"class_list":["post-1923","page","type-page","status-publish","hentry","description-off"],"yoast_head":"<!-- This site is optimized with the Yoast SEO plugin v27.5 - https:\/\/yoast.com\/product\/yoast-seo-wordpress\/ -->\n<title>Warum Hydro Huisman - Hydro Huisman<\/title>\n<meta name=\"description\" content=\"Die Vorteile der Hydro Huisman; Wir sind mehr als 25 Jahre Ihr zuverl\u00e4ssiger Partner f\u00fcr gr\u00fcne Projekte im In- und Ausland.\" \/>\n<meta name=\"robots\" content=\"index, follow, max-snippet:-1, max-image-preview:large, max-video-preview:-1\" \/>\n<link rel=\"canonical\" href=\"https:\/\/hydrohuisman.nl\/de\/warum-hydro-huisman\/\" \/>\n<meta property=\"og:locale\" content=\"de_DE\" \/>\n<meta property=\"og:type\" content=\"article\" \/>\n<meta property=\"og:title\" content=\"Warum Hydro Huisman - Hydro Huisman\" \/>\n<meta property=\"og:description\" content=\"Die Vorteile der Hydro Huisman; Wir sind mehr als 25 Jahre Ihr zuverl\u00e4ssiger Partner f\u00fcr gr\u00fcne Projekte im In- und Ausland.\" \/>\n<meta property=\"og:url\" content=\"https:\/\/hydrohuisman.nl\/de\/warum-hydro-huisman\/\" \/>\n<meta property=\"og:site_name\" content=\"Hydro Huisman\" \/>\n<meta property=\"article:publisher\" content=\"https:\/\/www.facebook.com\/Hydro-Huisman-100939455416548\" \/>\n<meta property=\"article:modified_time\" content=\"2024-05-24T07:34:11+00:00\" \/>\n<meta property=\"og:image\" content=\"https:\/\/hydrohuisman.nl\/wp-content\/uploads\/2021\/08\/Hydro-Huisman-embleem-sRGB-200x200px_400x400-1.png\" \/>\n\t<meta property=\"og:image:width\" content=\"400\" \/>\n\t<meta property=\"og:image:height\" content=\"400\" \/>\n\t<meta property=\"og:image:type\" content=\"image\/png\" \/>\n<meta name=\"twitter:card\" content=\"summary_large_image\" \/>\n<meta name=\"twitter:site\" content=\"@hydrohuisman\" \/>\n<meta name=\"twitter:label1\" content=\"Gesch\u00e4tzte Lesezeit\" \/>\n\t<meta name=\"twitter:data1\" content=\"1\u00a0Minute\" \/>\n<!-- \/ Yoast SEO plugin. -->","yoast_head_json":{"title":"Warum Hydro Huisman - Hydro Huisman","description":"Die Vorteile der Hydro Huisman; Wir sind mehr als 25 Jahre Ihr zuverl\u00e4ssiger Partner f\u00fcr gr\u00fcne Projekte im In- und Ausland.","robots":{"index":"index","follow":"follow","max-snippet":"max-snippet:-1","max-image-preview":"max-image-preview:large","max-video-preview":"max-video-preview:-1"},"canonical":"https:\/\/hydrohuisman.nl\/de\/warum-hydro-huisman\/","og_locale":"de_DE","og_type":"article","og_title":"Warum Hydro Huisman - Hydro Huisman","og_description":"Die Vorteile der Hydro Huisman; Wir sind mehr als 25 Jahre Ihr zuverl\u00e4ssiger Partner f\u00fcr gr\u00fcne Projekte im In- und Ausland.","og_url":"https:\/\/hydrohuisman.nl\/de\/warum-hydro-huisman\/","og_site_name":"Hydro Huisman","article_publisher":"https:\/\/www.facebook.com\/Hydro-Huisman-100939455416548","article_modified_time":"2024-05-24T07:34:11+00:00","og_image":[{"width":400,"height":400,"url":"https:\/\/hydrohuisman.nl\/wp-content\/uploads\/2021\/08\/Hydro-Huisman-embleem-sRGB-200x200px_400x400-1.png","type":"image\/png"}],"twitter_card":"summary_large_image","twitter_site":"@hydrohuisman","twitter_misc":{"Gesch\u00e4tzte Lesezeit":"1\u00a0Minute"},"schema":{"@context":"https:\/\/schema.org","@graph":[{"@type":"WebPage","@id":"https:\/\/hydrohuisman.nl\/de\/warum-hydro-huisman\/","url":"https:\/\/hydrohuisman.nl\/de\/warum-hydro-huisman\/","name":"Warum Hydro Huisman - Hydro Huisman","isPartOf":{"@id":"https:\/\/hydrohuisman.nl\/de\/#website"},"datePublished":"2017-03-06T15:28:56+00:00","dateModified":"2024-05-24T07:34:11+00:00","description":"Die Vorteile der Hydro Huisman; Wir sind mehr als 25 Jahre Ihr zuverl\u00e4ssiger Partner f\u00fcr gr\u00fcne Projekte im In- und Ausland.","breadcrumb":{"@id":"https:\/\/hydrohuisman.nl\/de\/warum-hydro-huisman\/#breadcrumb"},"inLanguage":"de","potentialAction":[{"@type":"ReadAction","target":["https:\/\/hydrohuisman.nl\/de\/warum-hydro-huisman\/"]}]},{"@type":"BreadcrumbList","@id":"https:\/\/hydrohuisman.nl\/de\/warum-hydro-huisman\/#breadcrumb","itemListElement":[{"@type":"ListItem","position":1,"name":"Home","item":"https:\/\/hydrohuisman.nl\/de\/"},{"@type":"ListItem","position":2,"name":"Warum Hydro Huisman"}]},{"@type":"WebSite","@id":"https:\/\/hydrohuisman.nl\/de\/#website","url":"https:\/\/hydrohuisman.nl\/de\/","name":"Hydro Huisman","description":"Specialist in Hydrocultuur","publisher":{"@id":"https:\/\/hydrohuisman.nl\/de\/#organization"},"potentialAction":[{"@type":"SearchAction","target":{"@type":"EntryPoint","urlTemplate":"https:\/\/hydrohuisman.nl\/de\/?s={search_term_string}"},"query-input":{"@type":"PropertyValueSpecification","valueRequired":true,"valueName":"search_term_string"}}],"inLanguage":"de"},{"@type":"Organization","@id":"https:\/\/hydrohuisman.nl\/de\/#organization","name":"Hydro Huisman","url":"https:\/\/hydrohuisman.nl\/de\/","logo":{"@type":"ImageObject","inLanguage":"de","@id":"https:\/\/hydrohuisman.nl\/de\/#\/schema\/logo\/image\/","url":"https:\/\/hydrohuisman.nl\/wp-content\/uploads\/2016\/11\/hydrohuismanlogo.png","contentUrl":"https:\/\/hydrohuisman.nl\/wp-content\/uploads\/2016\/11\/hydrohuismanlogo.png","width":493,"height":80,"caption":"Hydro Huisman"},"image":{"@id":"https:\/\/hydrohuisman.nl\/de\/#\/schema\/logo\/image\/"},"sameAs":["https:\/\/www.facebook.com\/Hydro-Huisman-100939455416548","https:\/\/x.com\/hydrohuisman","https:\/\/www.linkedin.com\/company\/hydro-huisman"]}]}},"_links":{"self":[{"href":"https:\/\/hydrohuisman.nl\/de\/wp-json\/wp\/v2\/pages\/1923","targetHints":{"allow":["GET"]}}],"collection":[{"href":"https:\/\/hydrohuisman.nl\/de\/wp-json\/wp\/v2\/pages"}],"about":[{"href":"https:\/\/hydrohuisman.nl\/de\/wp-json\/wp\/v2\/types\/page"}],"author":[{"embeddable":true,"href":"https:\/\/hydrohuisman.nl\/de\/wp-json\/wp\/v2\/users\/4"}],"replies":[{"embeddable":true,"href":"https:\/\/hydrohuisman.nl\/de\/wp-json\/wp\/v2\/comments?post=1923"}],"version-history":[{"count":5,"href":"https:\/\/hydrohuisman.nl\/de\/wp-json\/wp\/v2\/pages\/1923\/revisions"}],"predecessor-version":[{"id":6476,"href":"https:\/\/hydrohuisman.nl\/de\/wp-json\/wp\/v2\/pages\/1923\/revisions\/6476"}],"wp:attachment":[{"href":"https:\/\/hydrohuisman.nl\/de\/wp-json\/wp\/v2\/media?parent=1923"}],"curies":[{"name":"wp","href":"https:\/\/api.w.org\/{rel}","templated":true}]}}