{"id":1920,"date":"2017-03-06T16:26:38","date_gmt":"2017-03-06T15:26:38","guid":{"rendered":"http:\/\/hydrohuisman.nl\/?page_id=1920"},"modified":"2024-05-24T09:36:04","modified_gmt":"2024-05-24T07:36:04","slug":"unsere-dienstleistungen","status":"publish","type":"page","link":"https:\/\/hydrohuisman.nl\/de\/unsere-dienstleistungen\/","title":{"rendered":"Unsere Dienstleistungen"},"content":{"rendered":"<div class=\"wpb-content-wrapper\"><p>[vc_row][vc_column width=&#8221;2\/3&#8243;][vc_empty_space]<div id=\"ultimate-heading-498969f6de399520a\" class=\"uvc-heading ult-adjust-bottom-margin ultimate-heading-498969f6de399520a uvc-2832 \" data-hspacer=\"no_spacer\"  data-halign=\"left\" style=\"text-align:left\"><div class=\"uvc-heading-spacer no_spacer\" style=\"top\"><\/div><div class=\"uvc-main-heading ult-responsive\"  data-ultimate-target='.uvc-heading.ultimate-heading-498969f6de399520a h2'  data-responsive-json-new='{\"font-size\":\"desktop:20px;\",\"line-height\":\"desktop:26px;\"}' ><h2 style=\"font-weight:bold;color:#008a31;margin-bottom:30px;\">Ihr kompetenter Gro\u00dfh\u00e4ndler f\u00fcr Hydrokultur und Pflanzengef\u00e4sse<\/h2><\/div><\/div><div class=\"standard-arrow list-divider bullet-top\"><ul>\n<li>Lassen Sie sich von den neuesten Trends an Pflanzengef\u00e4ssen in unserem st\u00e4ndig aktualisierten Showroom inspirieren. Unser hochqualifiziertes Team steht Ihnen jederzeit gerne zur Verf\u00fcgung.<\/li>\n<li>Wir haben ein umfangreiches Sortiment an hochwertigen Hydrokulturpflanzen und innovativen Gef\u00e4ssen.<\/li>\n<li>Sind Sie schon mit unseren Produkten vertraut? Wir freuen uns auf Ihre Bestellung, die p\u00fcnktlich und in einwandfreiem Zustand an den gew\u00fcnschten Ort geliefert wird.<\/li>\n<\/ul>\n<\/div>[\/vc_column][vc_column width=&#8221;1\/3&#8243;][vc_empty_space][vc_single_image image=&#8221;1829&#8243; img_size=&#8221;large&#8221;][\/vc_column][\/vc_row][vc_row][vc_column][vc_empty_space][\/vc_column][\/vc_row][vc_row type=&#8221;vc_default&#8221; bg_type=&#8221;bg_color&#8221; bg_override=&#8221;full&#8221; bg_color_value=&#8221;#e0e0e0&#8243; css=&#8221;.vc_custom_1479295658830{padding-top: 35px !important;padding-bottom: 35px !important;}&#8221;][vc_column width=&#8221;1\/3&#8243;][vc_empty_space height=&#8221;10px&#8221;][vc_single_image image=&#8221;1830&#8243; img_size=&#8221;large&#8221;][\/vc_column][vc_column width=&#8221;2\/3&#8243;]<div id=\"ultimate-heading-644869f6de39953e1\" class=\"uvc-heading ult-adjust-bottom-margin ultimate-heading-644869f6de39953e1 uvc-1128 \" data-hspacer=\"no_spacer\"  data-halign=\"left\" style=\"text-align:left\"><div class=\"uvc-heading-spacer no_spacer\" style=\"top\"><\/div><div class=\"uvc-main-heading ult-responsive\"  data-ultimate-target='.uvc-heading.ultimate-heading-644869f6de39953e1 h2'  data-responsive-json-new='{\"font-size\":\"desktop:20px;\",\"line-height\":\"desktop:26px;\"}' ><h2 style=\"font-weight:bold;color:#008a31;margin-bottom:30px;\">Full-Service-Anbieter f\u00fcr die europ\u00e4ischen B\u00fcro- und Innenarchitekten<\/h2><\/div><\/div><div class=\"standard-arrow list-divider bullet-top\"><ul>\n<li>Hydro Huisman ist Ihr Partner f\u00fcr B\u00fcro- und Indoor-Landschaftsg\u00e4rtner. Unser Service ist auf Ihre Bed\u00fcrfnisse zugeschnitten. Wir haben das Ziel, Sie vollst\u00e4ndig zu entlasten.<\/li>\n<li>Wir sind spezialisiert auf die Lieferung von komplett montierten und hochwertigen &#8220;gr\u00fcnen Elementen&#8221; direkt an Ihren Kunden p\u00fcnktlich und mit dem besten Service.<\/li>\n<li>Wir freuen uns, unsere Erfahrungen und Marktwissen mit Ihnen zu teilen. So k\u00f6nnen Sie Ihren Kunden optimal beraten. Unser kompetentes Team steht Ihnen jederzeit gerne zur Verf\u00fcgung.<\/li>\n<li>Wir bieten Ihnen einen hervorragenden Transportservice. Unsere langj\u00e4hrige Erfahrung sorgt f\u00fcr p\u00fcnktliche Lieferung \u00fcberall auf der Welt.<\/li>\n<\/ul>\n<\/div>[\/vc_column][\/vc_row][vc_row][vc_column][vc_empty_space][\/vc_column][\/vc_row][vc_row][vc_column width=&#8221;2\/3&#8243;]<div id=\"ultimate-heading-785869f6de3995616\" class=\"uvc-heading ult-adjust-bottom-margin ultimate-heading-785869f6de3995616 uvc-6953 \" data-hspacer=\"no_spacer\"  data-halign=\"left\" style=\"text-align:left\"><div class=\"uvc-heading-spacer no_spacer\" style=\"top\"><\/div><div class=\"uvc-main-heading ult-responsive\"  data-ultimate-target='.uvc-heading.ultimate-heading-785869f6de3995616 h2'  data-responsive-json-new='{\"font-size\":\"desktop:20px;\",\"line-height\":\"desktop:26px;\"}' ><h2 style=\"font-weight:bold;color:#008a31;margin-bottom:30px;\">Ihr Partner f\u00fcr die Innenraumbegr\u00fcnung im Mittleren Osten<\/h2><\/div><\/div><div class=\"standard-arrow list-divider bullet-top\"><ul>\n<li>Hydro Huisman hat mehrj\u00e4hrige Erfahrung bei der kompetenten und exzellenten Betreuung von Indoor-Landschaftsg\u00e4rtnern im Nahen Osten.<\/li>\n<li>Wir handeln als &#8220;Ihr Partner im Gesch\u00e4ft&#8221;. Wir unterst\u00fctzen bei der Beratung des Endkunden. Falls gew\u00fcnscht, sind wir bei der Auslieferung und bei der Umsetzung anwesend.<\/li>\n<li>Aufgrund unserer langj\u00e4hrigen Erfahrung in dieser Region sind wir sehr leistungsstark bei der Durchf\u00fchrung des logistischen Prozesses. Durch unsere Erfahrung mit Luftfracht sind wir in der Lage, schnell, p\u00fcnktlich und ohne Probleme zu liefern.<\/li>\n<\/ul>\n<\/div>[\/vc_column][vc_column width=&#8221;1\/3&#8243;][vc_empty_space height=&#8221;10px&#8221;][vc_single_image image=&#8221;1831&#8243; img_size=&#8221;large&#8221;][\/vc_column][\/vc_row]<\/p>\n<\/div>","protected":false},"excerpt":{"rendered":"<p>[vc_row][vc_column width=&#8221;2\/3&#8243;][vc_empty_space][\/vc_column][vc_column width=&#8221;1\/3&#8243;][vc_empty_space][vc_single_image image=&#8221;1829&#8243; img_size=&#8221;large&#8221;][\/vc_column][\/vc_row][vc_row][vc_column][vc_empty_space][\/vc_column][\/vc_row][vc_row type=&#8221;vc_default&#8221; bg_type=&#8221;bg_color&#8221; bg_override=&#8221;full&#8221; bg_color_value=&#8221;#e0e0e0&#8243; css=&#8221;.vc_custom_1479295658830{padding-top: 35px !important;padding-bottom: 35px !important;}&#8221;][vc_column width=&#8221;1\/3&#8243;][vc_empty_space height=&#8221;10px&#8221;][vc_single_image image=&#8221;1830&#8243; img_size=&#8221;large&#8221;][\/vc_column][vc_column width=&#8221;2\/3&#8243;][\/vc_column][\/vc_row][vc_row][vc_column][vc_empty_space][\/vc_column][\/vc_row][vc_row][vc_column width=&#8221;2\/3&#8243;][\/vc_column][vc_column width=&#8221;1\/3&#8243;][vc_empty_space height=&#8221;10px&#8221;][vc_single_image image=&#8221;1831&#8243; img_size=&#8221;large&#8221;][\/vc_column][\/vc_row]<\/p>\n","protected":false},"author":4,"featured_media":0,"parent":0,"menu_order":1,"comment_status":"closed","ping_status":"closed","template":"","meta":{"_monsterinsights_skip_tracking":false,"_monsterinsights_sitenote_active":false,"_monsterinsights_sitenote_note":"","_monsterinsights_sitenote_category":0,"footnotes":""},"class_list":["post-1920","page","type-page","status-publish","hentry","description-off"],"yoast_head":"<!-- This site is optimized with the Yoast SEO plugin v27.5 - https:\/\/yoast.com\/product\/yoast-seo-wordpress\/ -->\n<title>Unsere Dienstleistungen - Hydro Huisman<\/title>\n<meta name=\"description\" content=\"Hydro Huisman ist Dienstleister und Partner f\u00fcr Floristen, Gartencenter, Raumbegr\u00fcner, B\u00fcro Pflanzer und Pflanzer Projekt im Nahen Osten.\" \/>\n<meta name=\"robots\" content=\"index, follow, max-snippet:-1, max-image-preview:large, max-video-preview:-1\" \/>\n<link rel=\"canonical\" href=\"https:\/\/hydrohuisman.nl\/de\/unsere-dienstleistungen\/\" \/>\n<meta property=\"og:locale\" content=\"de_DE\" \/>\n<meta property=\"og:type\" content=\"article\" \/>\n<meta property=\"og:title\" content=\"Unsere Dienstleistungen - Hydro Huisman\" \/>\n<meta property=\"og:description\" content=\"Hydro Huisman ist Dienstleister und Partner f\u00fcr Floristen, Gartencenter, Raumbegr\u00fcner, B\u00fcro Pflanzer und Pflanzer Projekt im Nahen Osten.\" \/>\n<meta property=\"og:url\" content=\"https:\/\/hydrohuisman.nl\/de\/unsere-dienstleistungen\/\" \/>\n<meta property=\"og:site_name\" content=\"Hydro Huisman\" \/>\n<meta property=\"article:publisher\" content=\"https:\/\/www.facebook.com\/Hydro-Huisman-100939455416548\" \/>\n<meta property=\"article:modified_time\" content=\"2024-05-24T07:36:04+00:00\" \/>\n<meta property=\"og:image\" content=\"https:\/\/hydrohuisman.nl\/wp-content\/uploads\/2021\/08\/Hydro-Huisman-embleem-sRGB-200x200px_400x400-1.png\" \/>\n\t<meta property=\"og:image:width\" content=\"400\" \/>\n\t<meta property=\"og:image:height\" content=\"400\" \/>\n\t<meta property=\"og:image:type\" content=\"image\/png\" \/>\n<meta name=\"twitter:card\" content=\"summary_large_image\" \/>\n<meta name=\"twitter:site\" content=\"@hydrohuisman\" \/>\n<meta name=\"twitter:label1\" content=\"Gesch\u00e4tzte Lesezeit\" \/>\n\t<meta name=\"twitter:data1\" content=\"3\u00a0Minuten\" \/>\n<!-- \/ Yoast SEO plugin. -->","yoast_head_json":{"title":"Unsere Dienstleistungen - Hydro Huisman","description":"Hydro Huisman ist Dienstleister und Partner f\u00fcr Floristen, Gartencenter, Raumbegr\u00fcner, B\u00fcro Pflanzer und Pflanzer Projekt im Nahen Osten.","robots":{"index":"index","follow":"follow","max-snippet":"max-snippet:-1","max-image-preview":"max-image-preview:large","max-video-preview":"max-video-preview:-1"},"canonical":"https:\/\/hydrohuisman.nl\/de\/unsere-dienstleistungen\/","og_locale":"de_DE","og_type":"article","og_title":"Unsere Dienstleistungen - Hydro Huisman","og_description":"Hydro Huisman ist Dienstleister und Partner f\u00fcr Floristen, Gartencenter, Raumbegr\u00fcner, B\u00fcro Pflanzer und Pflanzer Projekt im Nahen Osten.","og_url":"https:\/\/hydrohuisman.nl\/de\/unsere-dienstleistungen\/","og_site_name":"Hydro Huisman","article_publisher":"https:\/\/www.facebook.com\/Hydro-Huisman-100939455416548","article_modified_time":"2024-05-24T07:36:04+00:00","og_image":[{"width":400,"height":400,"url":"https:\/\/hydrohuisman.nl\/wp-content\/uploads\/2021\/08\/Hydro-Huisman-embleem-sRGB-200x200px_400x400-1.png","type":"image\/png"}],"twitter_card":"summary_large_image","twitter_site":"@hydrohuisman","twitter_misc":{"Gesch\u00e4tzte Lesezeit":"3\u00a0Minuten"},"schema":{"@context":"https:\/\/schema.org","@graph":[{"@type":"WebPage","@id":"https:\/\/hydrohuisman.nl\/de\/unsere-dienstleistungen\/","url":"https:\/\/hydrohuisman.nl\/de\/unsere-dienstleistungen\/","name":"Unsere Dienstleistungen - Hydro Huisman","isPartOf":{"@id":"https:\/\/hydrohuisman.nl\/de\/#website"},"datePublished":"2017-03-06T15:26:38+00:00","dateModified":"2024-05-24T07:36:04+00:00","description":"Hydro Huisman ist Dienstleister und Partner f\u00fcr Floristen, Gartencenter, Raumbegr\u00fcner, B\u00fcro Pflanzer und Pflanzer Projekt im Nahen Osten.","breadcrumb":{"@id":"https:\/\/hydrohuisman.nl\/de\/unsere-dienstleistungen\/#breadcrumb"},"inLanguage":"de","potentialAction":[{"@type":"ReadAction","target":["https:\/\/hydrohuisman.nl\/de\/unsere-dienstleistungen\/"]}]},{"@type":"BreadcrumbList","@id":"https:\/\/hydrohuisman.nl\/de\/unsere-dienstleistungen\/#breadcrumb","itemListElement":[{"@type":"ListItem","position":1,"name":"Home","item":"https:\/\/hydrohuisman.nl\/de\/"},{"@type":"ListItem","position":2,"name":"Unsere Dienstleistungen"}]},{"@type":"WebSite","@id":"https:\/\/hydrohuisman.nl\/de\/#website","url":"https:\/\/hydrohuisman.nl\/de\/","name":"Hydro Huisman","description":"Specialist in Hydrocultuur","publisher":{"@id":"https:\/\/hydrohuisman.nl\/de\/#organization"},"potentialAction":[{"@type":"SearchAction","target":{"@type":"EntryPoint","urlTemplate":"https:\/\/hydrohuisman.nl\/de\/?s={search_term_string}"},"query-input":{"@type":"PropertyValueSpecification","valueRequired":true,"valueName":"search_term_string"}}],"inLanguage":"de"},{"@type":"Organization","@id":"https:\/\/hydrohuisman.nl\/de\/#organization","name":"Hydro Huisman","url":"https:\/\/hydrohuisman.nl\/de\/","logo":{"@type":"ImageObject","inLanguage":"de","@id":"https:\/\/hydrohuisman.nl\/de\/#\/schema\/logo\/image\/","url":"https:\/\/hydrohuisman.nl\/wp-content\/uploads\/2016\/11\/hydrohuismanlogo.png","contentUrl":"https:\/\/hydrohuisman.nl\/wp-content\/uploads\/2016\/11\/hydrohuismanlogo.png","width":493,"height":80,"caption":"Hydro Huisman"},"image":{"@id":"https:\/\/hydrohuisman.nl\/de\/#\/schema\/logo\/image\/"},"sameAs":["https:\/\/www.facebook.com\/Hydro-Huisman-100939455416548","https:\/\/x.com\/hydrohuisman","https:\/\/www.linkedin.com\/company\/hydro-huisman"]}]}},"_links":{"self":[{"href":"https:\/\/hydrohuisman.nl\/de\/wp-json\/wp\/v2\/pages\/1920","targetHints":{"allow":["GET"]}}],"collection":[{"href":"https:\/\/hydrohuisman.nl\/de\/wp-json\/wp\/v2\/pages"}],"about":[{"href":"https:\/\/hydrohuisman.nl\/de\/wp-json\/wp\/v2\/types\/page"}],"author":[{"embeddable":true,"href":"https:\/\/hydrohuisman.nl\/de\/wp-json\/wp\/v2\/users\/4"}],"replies":[{"embeddable":true,"href":"https:\/\/hydrohuisman.nl\/de\/wp-json\/wp\/v2\/comments?post=1920"}],"version-history":[{"count":3,"href":"https:\/\/hydrohuisman.nl\/de\/wp-json\/wp\/v2\/pages\/1920\/revisions"}],"predecessor-version":[{"id":6478,"href":"https:\/\/hydrohuisman.nl\/de\/wp-json\/wp\/v2\/pages\/1920\/revisions\/6478"}],"wp:attachment":[{"href":"https:\/\/hydrohuisman.nl\/de\/wp-json\/wp\/v2\/media?parent=1920"}],"curies":[{"name":"wp","href":"https:\/\/api.w.org\/{rel}","templated":true}]}}